{"id":47,"date":"2015-02-08T10:41:26","date_gmt":"2015-02-08T08:41:26","guid":{"rendered":"http:\/\/demo.wpcharming.com\/construction\/?page_id=47"},"modified":"2018-10-21T13:22:53","modified_gmt":"2018-10-21T11:22:53","slug":"industrie-und-gewerbebauten","status":"publish","type":"page","link":"http:\/\/umvblowerdoor.de\/?page_id=47","title":{"rendered":"Industrie- und Gewerbebauten"},"content":{"rendered":"<section class=\"wpb-content-wrapper\"><p>[vc_row padding_top=&#8220;0&#8243; padding_bottom=&#8220;0&#8243;][vc_column][vc_column_text]<\/p>\n\n        <style type='text\/css'>\n            #gallery-1 .gallery-item {\n                float: left;\n                text-align: center;\n                width: 20%;\n                margin-bottom:0;\n            }\n            #gallery-1 img {\n            }\n            #gallery-1 .gallery-caption {\n                margin-left: 0;\n            }\n        <\/style>\n\t\t<div id='gallery-1' class='gallery  gallery-columns-5 gallery-size-medium-thumb gallery-lightbox'><dl class='gallery-item'>\n            <dt class='gallery-icon'>\n                <a href='http:\/\/umvblowerdoor.de\/wp-content\/uploads\/2015\/02\/IMG_3764-scaled.jpg'><img width=\"600\" height=\"300\" src=\"http:\/\/umvblowerdoor.de\/wp-content\/uploads\/2015\/02\/IMG_3764-600x300.jpg\" class=\"attachment-medium-thumb size-medium-thumb\" alt=\"\" decoding=\"async\" loading=\"lazy\" srcset=\"http:\/\/umvblowerdoor.de\/wp-content\/uploads\/2015\/02\/IMG_3764-600x300.jpg 600w, http:\/\/umvblowerdoor.de\/wp-content\/uploads\/2015\/02\/IMG_3764-400x200.jpg 400w, http:\/\/umvblowerdoor.de\/wp-content\/uploads\/2015\/02\/IMG_3764-800x400.jpg 800w\" sizes=\"(max-width: 600px) 100vw, 600px\" \/><\/a>\n            <\/dt><\/dl><dl class='gallery-item'>\n            <dt class='gallery-icon'>\n                <a href='http:\/\/umvblowerdoor.de\/wp-content\/uploads\/2015\/02\/IMG_1465-3-scaled.jpg'><img width=\"600\" height=\"300\" src=\"http:\/\/umvblowerdoor.de\/wp-content\/uploads\/2015\/02\/IMG_1465-3-600x300.jpg\" class=\"attachment-medium-thumb size-medium-thumb\" alt=\"\" decoding=\"async\" loading=\"lazy\" srcset=\"http:\/\/umvblowerdoor.de\/wp-content\/uploads\/2015\/02\/IMG_1465-3-600x300.jpg 600w, http:\/\/umvblowerdoor.de\/wp-content\/uploads\/2015\/02\/IMG_1465-3-400x200.jpg 400w, http:\/\/umvblowerdoor.de\/wp-content\/uploads\/2015\/02\/IMG_1465-3-800x400.jpg 800w\" sizes=\"(max-width: 600px) 100vw, 600px\" \/><\/a>\n            <\/dt><\/dl><dl class='gallery-item'>\n            <dt class='gallery-icon'>\n                <a href='http:\/\/umvblowerdoor.de\/wp-content\/uploads\/2015\/02\/IMG_8573-scaled.jpg'><img width=\"600\" height=\"300\" src=\"http:\/\/umvblowerdoor.de\/wp-content\/uploads\/2015\/02\/IMG_8573-600x300.jpg\" class=\"attachment-medium-thumb size-medium-thumb\" alt=\"\" decoding=\"async\" loading=\"lazy\" srcset=\"http:\/\/umvblowerdoor.de\/wp-content\/uploads\/2015\/02\/IMG_8573-600x300.jpg 600w, http:\/\/umvblowerdoor.de\/wp-content\/uploads\/2015\/02\/IMG_8573-400x200.jpg 400w, http:\/\/umvblowerdoor.de\/wp-content\/uploads\/2015\/02\/IMG_8573-800x400.jpg 800w\" sizes=\"(max-width: 600px) 100vw, 600px\" \/><\/a>\n            <\/dt><\/dl><dl class='gallery-item'>\n            <dt class='gallery-icon'>\n                <a href='http:\/\/umvblowerdoor.de\/wp-content\/uploads\/2015\/02\/IMG_6196-1-scaled.jpg'><img width=\"600\" height=\"300\" src=\"http:\/\/umvblowerdoor.de\/wp-content\/uploads\/2015\/02\/IMG_6196-1-600x300.jpg\" class=\"attachment-medium-thumb size-medium-thumb\" alt=\"\" decoding=\"async\" loading=\"lazy\" srcset=\"http:\/\/umvblowerdoor.de\/wp-content\/uploads\/2015\/02\/IMG_6196-1-600x300.jpg 600w, http:\/\/umvblowerdoor.de\/wp-content\/uploads\/2015\/02\/IMG_6196-1-400x200.jpg 400w, http:\/\/umvblowerdoor.de\/wp-content\/uploads\/2015\/02\/IMG_6196-1-800x400.jpg 800w\" sizes=\"(max-width: 600px) 100vw, 600px\" \/><\/a>\n            <\/dt><\/dl><dl class='gallery-item'>\n            <dt class='gallery-icon'>\n                <a href='http:\/\/umvblowerdoor.de\/wp-content\/uploads\/2015\/02\/IMG_6327-scaled.jpg'><img width=\"600\" height=\"300\" src=\"http:\/\/umvblowerdoor.de\/wp-content\/uploads\/2015\/02\/IMG_6327-600x300.jpg\" class=\"attachment-medium-thumb size-medium-thumb\" alt=\"\" decoding=\"async\" loading=\"lazy\" srcset=\"http:\/\/umvblowerdoor.de\/wp-content\/uploads\/2015\/02\/IMG_6327-600x300.jpg 600w, http:\/\/umvblowerdoor.de\/wp-content\/uploads\/2015\/02\/IMG_6327-400x200.jpg 400w, http:\/\/umvblowerdoor.de\/wp-content\/uploads\/2015\/02\/IMG_6327-800x400.jpg 800w\" sizes=\"(max-width: 600px) 100vw, 600px\" \/><\/a>\n            <\/dt><\/dl><div class=\"clear\"><\/div>\n            <div class=\"clear\"><\/div>\n        <\/div>\n\n<p>[\/vc_column_text][\/vc_column][\/vc_row][vc_row][vc_column width=&#8220;1\/2&#8243;][vc_column_text]<\/p>\n<h4>Blower-Door-Test f\u00fcr gro\u00dfe Geb\u00e4ude<\/h4>\n<p>Eine Luftdichtheitspr\u00fcfung von gro\u00dfen Geb\u00e4uden ist im Verh\u00e4ltnis zur einer Messung eines Einfamilienhauses etwas aufw\u00e4ndiger. Als ein gro\u00dfes Objekt werden Industriehallen, Lagerhallen, K\u00fchlh\u00e4user,\u00a0Logistikhallen, Tiefk\u00fchlhallen, B\u00fcrokomplexe und weitere vergleichbar gro\u00dfe Gewerbebauten oder \u00f6ffentliche Bauten bezeichnet.<\/p>\n<p>[\/vc_column_text][vc_column_text]<\/p>\n<h4>Weshalb werden Industrie- und Gewerbebauten auf Luftdichtheit gepr\u00fcft?<\/h4>\n<p>Auch an gro\u00dfe industriell oder \u00f6ffentlich genutzte Neubauten k\u00f6nnen EnEV-Standard Anforderungen gestellt werden. Bestandsbauten bei denen die komplette Geb\u00e4udeh\u00fclle im Sinne der Luftdichtheit saniert wurde, werden einer Luftdichtheitspr\u00fcfung unterzogen. Aber unabh\u00e4ngig von allen Energieeffezienz Vorgaben, bringt eine Luftdichtheitspr\u00fcfung\u00a0der Geb\u00e4udeh\u00fclle den Vorteil mit sich, dass m\u00f6gliche M\u00e4ngel aufgedeckt und naachgebessert werden k\u00f6nnen. Somit unterst\u00fctzt ein Blower-Door-Test das Qualit\u00e4tsmanagement eines Bauunternehmens und bewahrt den Eigent\u00fcmer vor unanenehmen \u00dcberraschungen und unn\u00f6tigen Energieverlusten im Nutzungszustand.[\/vc_column_text][vc_accordion][vc_accordion_tab title=&#8220;Was wird gemacht?&#8220;][vc_column_text]<\/p>\n<p>Der Blower-Door Test ist ein Differenzdruck-Messverfahren, bei dem ermittelt wird, wie hoch die Wechselrate der Luft bei 50 Pascal Luftdruckdifferenz zwischen innen und au\u00dfen in einem Geb\u00e4ude, bei geschlossenen Fenstern und T\u00fcren, ist. Dabei wird ein eigens daf\u00fcr konstruierter Ventilator, der mit einer luftundurchl\u00e4ssigen Plane umgeben ist, in eine T\u00fcr\u00f6ffnung eingesetzt.[\/vc_column_text][\/vc_accordion_tab][vc_accordion_tab title=&#8220;Blower-Door-Test Schritt 1:&#8220;][vc_column_text]<\/p>\n<p>Der Ventilator erzeugt einen konstanten Unterdruck im ganzen Geb\u00e4ude, indem die Maschine Luft aus dem Haus saugt. Jetzt k\u00f6nnen alle undichten Bereiche mittels Luftgeschwindigkeitsmessger\u00e4t, k\u00fcnstlichem Rauch oder einer Infrarotkamera ermittelt und dokumentiert werden.<\/p>\n<p>[\/vc_column_text][\/vc_accordion_tab][vc_accordion_tab title=&#8220;BlowerDoor Test Schritt 2:&#8220;][vc_column_text]<\/p>\n<p>\u00dcber den Ventilator wird der Unterdruck schrittweise aufgebaut. Dabei wird gemessen, wie schnell die Luft durch m\u00f6gliche Leckagen in das Haus dringt.\u00a0Hierbei sprechen wir von der so genannten Luftwechselrate.<\/p>\n<p>[\/vc_column_text][\/vc_accordion_tab][vc_accordion_tab title=&#8220;BlowerDoor Test Schritt 3:&#8220;][vc_column_text]<\/p>\n<p>\u00dcber den Ventilator wird jetzt Luft in das Geb\u00e4ude hineingeblasen. Dadurch entsteht ein \u00dcberdruck. Auch hier wird die Luftwechselrate schrittweise gemessen und vom Messsystem aufgezeichnet.<\/p>\n<p>Aus der abgeschlossenen Messung resultiert eine durchschnittliche Luftwechselrate pro Stunde. \u00dcber die nun ermittelte Luftwechselrate, k\u00f6nnen wir die Gesamtleckage der Geb\u00e4udeh\u00fclle absch\u00e4tzen.<\/p>\n<p>[\/vc_column_text][\/vc_accordion_tab][\/vc_accordion][vc_custom_heading text=&#8220;Unserer Pr\u00fcfzertifikat ist auch f\u00fcr einen Laien gut verst\u00e4ndlich!&#8220; font_container=&#8220;tag:h2|text_align:center&#8220; google_fonts=&#8220;font_family:Hind%3A300%2Cregular%2C500%2C600%2C700|font_style:400%20regular%3A400%3Anormal&#8220;][vc_single_image image=&#8220;4053&#8243; img_size=&#8220;large&#8220; alignment=&#8220;right&#8220; css_animation=&#8220;appear&#8220;][\/vc_column][vc_column width=&#8220;1\/2&#8243;][vc_column_text]<\/p>\n<h4>Vorbereitung und Geb\u00e4udepr\u00e4paration<\/h4>\n<p>Vor dem Test werden Angaben \u00fcber die Bezugsgr\u00f6\u00dfen des Objektes\u00a0ben\u00f6tigt. Stellen Sie uns daher Pl\u00e4ne oder Bauzeichnungen des zu untersuchenden\u00a0Objektes zur Verf\u00fcgung. Aus diesen Unterlagen, ermitteln wir die Netto-Grundfl\u00e4che und das Luftvolumen des Geb\u00e4udes. Dar\u00fcber hinaus m\u00fcssen Sie uns mitteilen, \u00a0welche Anforderung an die Dichtheit des Geb\u00e4udes oder der einzelnen Geb\u00e4udeteile gestellt werden.<\/p>\n<p>Am Tag der Luftdichtheitspr\u00fcfung werden alle \u00d6ffnungen wie z. B.\u00a0Abfl\u00fcsse ohne Siphon, Leerrohre, Boden\u00f6ffnungen, Wanddurchf\u00fchrungen usw. von unserem Techniker\u00a0tempor\u00e4r verschlossen. Bei einem gro\u00dfen Geb\u00e4ude mit raumlufttechnischen Anlagen oder Aufzugssch\u00e4chten mit Entl\u00fcftung, gestaltet sich die Abdichtung dieser tempor\u00e4ren \u00d6ffnungen\u00a0nicht immer einfach, da diese\u00a0sich\u00a0meist\u00a0in gro\u00dfen H\u00f6hen oder an nicht immer leicht zug\u00e4nglichen Stellen befinden. Aus diesem Grund, sollte unser\u00a0Auftraggeber solche\u00a0Lufteintrittstellen vor dem Messtermin luftdicht verschlie\u00dfen.[\/vc_column_text][vc_column_text]<\/p>\n<h4>\u00a0Normative Voraussetzungen &amp; praktikable M\u00f6glichkeiten f\u00fcr die Luftdichtheitspr\u00fcfung<\/h4>\n<p>Durch den Einsatz unserer &#8222;Standard-Blower-Door-Messeinrichtung&#8220; kann der gesamte zu untersuchende Geb\u00e4udeteil \u00a0so gestaltet werden, dass er sich bei Druckaufschlagung als eine Zone verh\u00e4lt. In Komplex gestalteten Objekten, die z.B. mehrere Trakte aufweisen, ist eine gleichm\u00e4ssige Druckverteilung im gesamten Geb\u00e4ude nicht immer m\u00f6glich. Bei Bauten\u00a0dessen Gr\u00f6\u00dfe 7.200 m\u00b3 \u00fcbersteigt, sind spezielle Ma\u00dfnahmen erforderlich. In solchen F\u00e4llen,\u00a0wenden wir die beiden nachfolgenden M\u00f6glichkeiten an.<\/p>\n<ol>\n<li><b>Zonierung des Geb\u00e4udes\u00a0<\/b><br \/>\nL\u00e4sst sich ein Geb\u00e4ude relativ einfach durch Abdichtung von Innent\u00fcren in einzelne Zonen die kleiner sind als 4.000 m\u00b3 luftdicht voneinander abschirmen, k\u00f6nnen wir diese Zonen getrennt nacheinander, \u00a0mit unserem &#8222;Standard-Messsystem&#8220; mit einem maximalen Luftvolumenstrom von 7.200 m\u00b3\/h bei 50 Pa der Luftdichtheitspr\u00fcfung unterziehen.<\/li>\n<li><strong>Einsatz zus\u00e4tzlicher Blower-Door-Ventilatoren &#8211; &#8222;BlowerDoor MultipleFan&#8220;\u00a0<\/strong><br \/>\nL\u00e4sst sich ein Geb\u00e4ude nicht in einzelne Zonen unterteilen oder dessen Luftvolumen\u00a0\u00fcbersteigt die maximale \u00a0F\u00f6rdermenge des Blower-Door-Standard-Messystem von 7.200 m\u00b3, bedarf es einer speziellen L\u00f6sung. Mit dem Einsatz von bis zu 24 weiterer Blower-Door-Ventilatoren wird der m\u00f6gliche Gesamtluftvolumen-strom an die Gr\u00f6\u00dfe des Geb\u00e4udes angepasst. Mit der Verwendung von maximal\u00a024 Ventilatoren ist ein betr\u00e4chtlicher Gesamt-Volumenstrom von 173.000 m\u00b3\/h bei einem Differenzdruck von 50 Pascal realisierbar. \u00a0Somit sind wir in der Lage, Objekte mit einem Luftvolumen bis \u00fcber 300.000m\u00b3\/h zu messen. Der weitere Vorteil durch den Einsatz unseres\u00a0MultipleFan-Messsystems ist die Option, \u00a0bis zu 12 Ventilatoren dezentral im Geb\u00e4ude zu verteilen, aber zentral miteinander zu steuern. Denn gerade in Industrie-Bauwerken ist eine gleichm\u00e4ssige Druckverteilung auf Grund ihrer Gr\u00f6\u00dfe oder der komplexen Innenaufteilung nicht immer m\u00f6glich. In diesem Fall, wird das MultipleFan-Messverfahren von uns angewandt.<\/li>\n<\/ol>\n<p>[\/vc_column_text][vc_column_text]<\/p>\n<h4>Erl\u00e4uterung der Grenzwerte<\/h4>\n<p>Bei einer Blower-Door Messung nach <strong>DIN EN 13829:2001-02<\/strong> mit dem dort beschriebenen Verfahren B, bei einer Druckdifferenz zwischen innen und au\u00dfen von 50 Pa gemessener Volumenstrom &#8211; bezogen auf das beheizte oder gek\u00fchlte Luftvolumen &#8211; \u00a0d\u00fcrfen folgende Grenzwerte \u00a0nicht \u00fcberschritten werden:<\/p>\n<pre><span style=\"color: #008000; font-family: tahoma, arial, helvetica, sans-serif;\"><span style=\"color: #000000;\">Geb\u00e4ude <strong>ohne <\/strong>Raumlufttechnische Anlagen: <\/span>\r\n\u2192\u00a0n50 Wert: <strong>\u2264 3,0\u00a0<strong>(1\/h)<\/strong><\/strong><\/span><\/pre>\n<pre><span style=\"color: #008000; font-family: tahoma, arial, helvetica, sans-serif;\"><span style=\"color: #000000;\">Geb\u00e4ude <strong>mit <\/strong>Raumlufttechnischen Anlagen:<\/span>\r\n\u2192 n50 Wert: <strong>\u2264 1,5 (1\/h)<\/strong><\/span><\/pre>\n<p>Bei Nichtwohngeb\u00e4uden oder einzelnen Geb\u00e4udeteilen deren Luftvolumen mehr als 1500\u00a0m\u00b3 \u00fcbersteigt wird die Luftdurchl\u00e4ssigkeit nach DIN V 18599-1 : 2011-12 \/\u00a0<strong>DIN-EN 13829: 2001-02<\/strong>\u00a0 mit dem Verfahren B bei einer Druckdifferenz zwischen innen und au\u00dfen von 50 Pa gemessene Volumenstrom &#8211; bezogen auf die H\u00fcllfl\u00e4che des Geb\u00e4udes gemessen.<\/p>\n<p>Dabei d\u00fcrfen folgende Werte nicht \u00fcberschreiten:<\/p>\n<pre>Geb\u00e4ude <strong>ohne <\/strong>Raumlufttechnische Anlagen: \r\n\u2192\u00a0q50 Wert: <strong>\u2264 4,5 m\u2022h-1\u00a0(1\/h)<\/strong><\/pre>\n<pre>Geb\u00e4ude <strong>mit <\/strong>Raumlufttechnischen Anlagen:\r\n\u2192\u00a0q50 Wert: <strong>\u2264 2,5 m\u2022h-1\u00a0(1\/h)<\/strong><\/pre>\n<p>[\/vc_column_text][\/vc_column][\/vc_row][vc_row][vc_column][vc_column_text]<\/p>\n<h4>[vc_column width=&#8220;1\/1&#8243;]\n\t<div class=\"custom-heading wpb_content_element \">\n\t\t<h2 class=\"heading-title\" >Wir freuen uns auf Ihre Anfrage!<\/h2>\n\t\t<span class=\"heading-line primary\"><\/span>\n\t<\/div><\/h4>\n<p>[\/vc_column_text][vc_single_image image=&#8220;3329&#8243; img_size=&#8220;large&#8220; alignment=&#8220;right&#8220; css_animation=&#8220;right-to-left&#8220;][\/vc_column][\/vc_row]<\/p>\n<\/section>","protected":false},"excerpt":{"rendered":"<p>Wir pr\u00fcfen gro\u00dfe u. mittelgro\u00dfe Industrielle Bauten aller Nutzungszwecke. Unser Messsystem bietet einen sehr breiten Anwendungsbereich. Messungen ab 20 m\u00b3\/h\u21927.500 m\u00b3\/h u. bis zu 300.000 m\u00b3\/h Geb\u00e4udevolumen sind mit uns m\u00f6glich! <\/p>\n","protected":false},"author":1,"featured_media":2058,"parent":17,"menu_order":0,"comment_status":"open","ping_status":"closed","template":"","meta":[],"yoast_head":"<!-- This site is optimized with the Yoast SEO plugin v21.1 - https:\/\/yoast.com\/wordpress\/plugins\/seo\/ -->\n<title>Industrie- und Gewerbebauten - UMV BlowerDoor Messungen GmbH<\/title>\n<meta name=\"robots\" content=\"index, follow, max-snippet:-1, max-image-preview:large, max-video-preview:-1\" \/>\n<link rel=\"canonical\" href=\"http:\/\/umvblowerdoor.de\/?page_id=47\" \/>\n<meta property=\"og:locale\" content=\"de_DE\" \/>\n<meta property=\"og:type\" content=\"article\" \/>\n<meta property=\"og:title\" content=\"Industrie- und Gewerbebauten - UMV BlowerDoor Messungen GmbH\" \/>\n<meta property=\"og:description\" content=\"Wir pr\u00fcfen gro\u00dfe u. mittelgro\u00dfe Industrielle Bauten aller Nutzungszwecke. Unser Messsystem bietet einen sehr breiten Anwendungsbereich. Messungen ab 20 m\u00b3\/h\u21927.500 m\u00b3\/h u. bis zu 300.000 m\u00b3\/h Geb\u00e4udevolumen sind mit uns m\u00f6glich!\" \/>\n<meta property=\"og:url\" content=\"http:\/\/umvblowerdoor.de\/?page_id=47\" \/>\n<meta property=\"og:site_name\" content=\"UMV BlowerDoor Messungen GmbH\" \/>\n<meta property=\"article:modified_time\" content=\"2018-10-21T11:22:53+00:00\" \/>\n<meta property=\"og:image\" content=\"http:\/\/umvblowerdoor.de\/wp-content\/uploads\/2015\/02\/industrie-1-3.png\" \/>\n\t<meta property=\"og:image:width\" content=\"495\" \/>\n\t<meta property=\"og:image:height\" content=\"245\" \/>\n\t<meta property=\"og:image:type\" content=\"image\/png\" \/>\n<meta name=\"twitter:card\" content=\"summary_large_image\" \/>\n<meta name=\"twitter:label1\" content=\"Gesch\u00e4tzte Lesezeit\" \/>\n\t<meta name=\"twitter:data1\" content=\"6\u00a0Minuten\" \/>\n<script type=\"application\/ld+json\" class=\"yoast-schema-graph\">{\"@context\":\"https:\/\/schema.org\",\"@graph\":[{\"@type\":\"WebPage\",\"@id\":\"http:\/\/umvblowerdoor.de\/?page_id=47\",\"url\":\"http:\/\/umvblowerdoor.de\/?page_id=47\",\"name\":\"Industrie- und Gewerbebauten - UMV BlowerDoor Messungen GmbH\",\"isPartOf\":{\"@id\":\"http:\/\/umvblowerdoor.de\/#website\"},\"datePublished\":\"2015-02-08T08:41:26+00:00\",\"dateModified\":\"2018-10-21T11:22:53+00:00\",\"breadcrumb\":{\"@id\":\"http:\/\/umvblowerdoor.de\/?page_id=47#breadcrumb\"},\"inLanguage\":\"de\",\"potentialAction\":[{\"@type\":\"ReadAction\",\"target\":[\"http:\/\/umvblowerdoor.de\/?page_id=47\"]}]},{\"@type\":\"BreadcrumbList\",\"@id\":\"http:\/\/umvblowerdoor.de\/?page_id=47#breadcrumb\",\"itemListElement\":[{\"@type\":\"ListItem\",\"position\":1,\"name\":\"Startseite\",\"item\":\"http:\/\/umvblowerdoor.de\/\"},{\"@type\":\"ListItem\",\"position\":2,\"name\":\"Unser Einsatzbereich\",\"item\":\"http:\/\/umvblowerdoor.de\/?page_id=17\"},{\"@type\":\"ListItem\",\"position\":3,\"name\":\"Industrie- und Gewerbebauten\"}]},{\"@type\":\"WebSite\",\"@id\":\"http:\/\/umvblowerdoor.de\/#website\",\"url\":\"http:\/\/umvblowerdoor.de\/\",\"name\":\"UMV BlowerDoor Messungen GmbH\",\"description\":\"Service mit Sicherheit \u00a9\",\"potentialAction\":[{\"@type\":\"SearchAction\",\"target\":{\"@type\":\"EntryPoint\",\"urlTemplate\":\"http:\/\/umvblowerdoor.de\/?s={search_term_string}\"},\"query-input\":\"required name=search_term_string\"}],\"inLanguage\":\"de\"}]}<\/script>\n<!-- \/ Yoast SEO plugin. -->","yoast_head_json":{"title":"Industrie- und Gewerbebauten - UMV BlowerDoor Messungen GmbH","robots":{"index":"index","follow":"follow","max-snippet":"max-snippet:-1","max-image-preview":"max-image-preview:large","max-video-preview":"max-video-preview:-1"},"canonical":"http:\/\/umvblowerdoor.de\/?page_id=47","og_locale":"de_DE","og_type":"article","og_title":"Industrie- und Gewerbebauten - UMV BlowerDoor Messungen GmbH","og_description":"Wir pr\u00fcfen gro\u00dfe u. mittelgro\u00dfe Industrielle Bauten aller Nutzungszwecke. Unser Messsystem bietet einen sehr breiten Anwendungsbereich. Messungen ab 20 m\u00b3\/h\u21927.500 m\u00b3\/h u. bis zu 300.000 m\u00b3\/h Geb\u00e4udevolumen sind mit uns m\u00f6glich!","og_url":"http:\/\/umvblowerdoor.de\/?page_id=47","og_site_name":"UMV BlowerDoor Messungen GmbH","article_modified_time":"2018-10-21T11:22:53+00:00","og_image":[{"width":495,"height":245,"url":"http:\/\/umvblowerdoor.de\/wp-content\/uploads\/2015\/02\/industrie-1-3.png","type":"image\/png"}],"twitter_card":"summary_large_image","twitter_misc":{"Gesch\u00e4tzte Lesezeit":"6\u00a0Minuten"},"schema":{"@context":"https:\/\/schema.org","@graph":[{"@type":"WebPage","@id":"http:\/\/umvblowerdoor.de\/?page_id=47","url":"http:\/\/umvblowerdoor.de\/?page_id=47","name":"Industrie- und Gewerbebauten - UMV BlowerDoor Messungen GmbH","isPartOf":{"@id":"http:\/\/umvblowerdoor.de\/#website"},"datePublished":"2015-02-08T08:41:26+00:00","dateModified":"2018-10-21T11:22:53+00:00","breadcrumb":{"@id":"http:\/\/umvblowerdoor.de\/?page_id=47#breadcrumb"},"inLanguage":"de","potentialAction":[{"@type":"ReadAction","target":["http:\/\/umvblowerdoor.de\/?page_id=47"]}]},{"@type":"BreadcrumbList","@id":"http:\/\/umvblowerdoor.de\/?page_id=47#breadcrumb","itemListElement":[{"@type":"ListItem","position":1,"name":"Startseite","item":"http:\/\/umvblowerdoor.de\/"},{"@type":"ListItem","position":2,"name":"Unser Einsatzbereich","item":"http:\/\/umvblowerdoor.de\/?page_id=17"},{"@type":"ListItem","position":3,"name":"Industrie- und Gewerbebauten"}]},{"@type":"WebSite","@id":"http:\/\/umvblowerdoor.de\/#website","url":"http:\/\/umvblowerdoor.de\/","name":"UMV BlowerDoor Messungen GmbH","description":"Service mit Sicherheit \u00a9","potentialAction":[{"@type":"SearchAction","target":{"@type":"EntryPoint","urlTemplate":"http:\/\/umvblowerdoor.de\/?s={search_term_string}"},"query-input":"required name=search_term_string"}],"inLanguage":"de"}]}},"_links":{"self":[{"href":"http:\/\/umvblowerdoor.de\/index.php?rest_route=\/wp\/v2\/pages\/47"}],"collection":[{"href":"http:\/\/umvblowerdoor.de\/index.php?rest_route=\/wp\/v2\/pages"}],"about":[{"href":"http:\/\/umvblowerdoor.de\/index.php?rest_route=\/wp\/v2\/types\/page"}],"author":[{"embeddable":true,"href":"http:\/\/umvblowerdoor.de\/index.php?rest_route=\/wp\/v2\/users\/1"}],"replies":[{"embeddable":true,"href":"http:\/\/umvblowerdoor.de\/index.php?rest_route=%2Fwp%2Fv2%2Fcomments&post=47"}],"version-history":[{"count":54,"href":"http:\/\/umvblowerdoor.de\/index.php?rest_route=\/wp\/v2\/pages\/47\/revisions"}],"predecessor-version":[{"id":4853,"href":"http:\/\/umvblowerdoor.de\/index.php?rest_route=\/wp\/v2\/pages\/47\/revisions\/4853"}],"up":[{"embeddable":true,"href":"http:\/\/umvblowerdoor.de\/index.php?rest_route=\/wp\/v2\/pages\/17"}],"wp:featuredmedia":[{"embeddable":true,"href":"http:\/\/umvblowerdoor.de\/index.php?rest_route=\/wp\/v2\/media\/2058"}],"wp:attachment":[{"href":"http:\/\/umvblowerdoor.de\/index.php?rest_route=%2Fwp%2Fv2%2Fmedia&parent=47"}],"curies":[{"name":"wp","href":"https:\/\/api.w.org\/{rel}","templated":true}]}}