{"id":3893,"date":"2017-08-18T16:38:43","date_gmt":"2017-08-18T14:38:43","guid":{"rendered":"http:\/\/umvblowerdoor.de\/?page_id=3893"},"modified":"2025-05-19T17:50:48","modified_gmt":"2025-05-19T15:50:48","slug":"weiter-leistungen","status":"publish","type":"page","link":"http:\/\/umvblowerdoor.de\/?page_id=3893","title":{"rendered":"Weitere Leistungen"},"content":{"rendered":"<section class=\"wpb-content-wrapper\"><p>[vc_row padding_top=&#8220;10&#8243; padding_bottom=&#8220;0&#8243;][vc_column]\n\t<div class=\"child-page-wrapper \">\n\t\t<div class=\"grid-wrapper grid-3-columns grid-row \">\n\t\t\t<div class=\"grid-item grid-sm-6 grid-md-4\">\n\t\t\t\t<div class=\"grid-thumbnail\">\n\t\t\t\t\t<a href=\"http:\/\/umvblowerdoor.de\/?page_id=3526\" title=\"Schutzdruckmessung\"><img width=\"600\" height=\"300\" src=\"http:\/\/umvblowerdoor.de\/wp-content\/uploads\/2017\/02\/Schutzdruck4-1-600x300.png\" class=\"attachment-medium-thumb size-medium-thumb wp-post-image\" alt=\"\" decoding=\"async\" loading=\"lazy\" srcset=\"http:\/\/umvblowerdoor.de\/wp-content\/uploads\/2017\/02\/Schutzdruck4-1-600x300.png 600w, http:\/\/umvblowerdoor.de\/wp-content\/uploads\/2017\/02\/Schutzdruck4-1-400x200.png 400w, http:\/\/umvblowerdoor.de\/wp-content\/uploads\/2017\/02\/Schutzdruck4-1-800x400.png 800w\" sizes=\"(max-width: 600px) 100vw, 600px\" \/><\/a>\n\t\t\t\t<\/div>\n\t\t\t\t<h3 class=\"grid-title\"><a href=\"http:\/\/umvblowerdoor.de\/?page_id=3526\" rel=\"bookmark\">Schutzdruckmessung<\/a><\/h3>\n\n\t\t\t\t<p>[vc_row][vc_column][\/vc_column][\/vc_row][vc_row][vc_column width=&#8220;5\/6&#8243;][vc_column_text] [\/vc_column_text][vc_column_text]Bei einer Standard Blower-Door Luftdurchl\u00e4ssigkeitsmessung, werden Luftstr\u00f6me z.B. von einer Doppelhaush\u00e4lfte in die andere eingesaugt und vom Messsystem als ...<\/p>\n\n\t\t\t\t<a class=\"grid-more\" href=\"http:\/\/umvblowerdoor.de\/?page_id=3526\" title=\"Schutzdruckmessung\">MEHR ERFAHREN<\/a>\n\n\t\t\t<\/div>\n\t\t\t\n\t\t\t<div class=\"grid-item grid-sm-6 grid-md-4\">\n\t\t\t\t<div class=\"grid-thumbnail\">\n\t\t\t\t\t<a href=\"http:\/\/umvblowerdoor.de\/?page_id=3777\" title=\"L\u00f6schgas Haltezeiten\"><img width=\"300\" height=\"200\" src=\"http:\/\/umvblowerdoor.de\/wp-content\/uploads\/2017\/06\/IMG_1527-e1507661221149.jpg\" class=\"attachment-medium-thumb size-medium-thumb wp-post-image\" alt=\"\" decoding=\"async\" loading=\"lazy\" \/><\/a>\n\t\t\t\t<\/div>\n\t\t\t\t<h3 class=\"grid-title\"><a href=\"http:\/\/umvblowerdoor.de\/?page_id=3777\" rel=\"bookmark\">L\u00f6schgas Haltezeiten<\/a><\/h3>\n\n\t\t\t\t<p>[vc_row][vc_column][vc_column_text] &nbsp;[\/vc_column_text][vc_separator][\/vc_column][\/vc_row][vc_row row_type=&#8220;row_full_center_content&#8220; bg_image=&#8220;3818&#8243; row_parallax=&#8220;false&#8220; row_text_color=&#8220;row_text_light&#8220; border_color=&#8220;rgba(224,224,224,0.41)&#8220; border_style=&#8220;dotted&#8220; padding_top=&#8220;150&#8243; padding_bottom=&#8220;150&#8243;][vc_column width=&#8220;2\/3&#8243;][vc_column_text css_animation=&#8220;appear&#8220;] Wir ermitteln die&nbsp;L\u00f6schgas-Haltezeit Ihrer Brandschutzanlage! ZUVERL\u00c4SSIG, NACH DIN! UMV ...<\/p>\n\n\t\t\t\t<a class=\"grid-more\" href=\"http:\/\/umvblowerdoor.de\/?page_id=3777\" title=\"L\u00f6schgas Haltezeiten\">MEHR ERFAHREN<\/a>\n\n\t\t\t<\/div>\n\t\t\t\n\t\t\t<div class=\"grid-item grid-sm-6 grid-md-4\">\n\t\t\t\t<div class=\"grid-thumbnail\">\n\t\t\t\t\t<a href=\"http:\/\/umvblowerdoor.de\/?page_id=3810\" title=\"Thermografie\"><img width=\"600\" height=\"300\" src=\"http:\/\/umvblowerdoor.de\/wp-content\/uploads\/2016\/11\/IMG_0315-600x300.jpg\" class=\"attachment-medium-thumb size-medium-thumb wp-post-image\" alt=\"\" decoding=\"async\" loading=\"lazy\" srcset=\"http:\/\/umvblowerdoor.de\/wp-content\/uploads\/2016\/11\/IMG_0315-600x300.jpg 600w, http:\/\/umvblowerdoor.de\/wp-content\/uploads\/2016\/11\/IMG_0315-400x200.jpg 400w, http:\/\/umvblowerdoor.de\/wp-content\/uploads\/2016\/11\/IMG_0315-800x400.jpg 800w\" sizes=\"(max-width: 600px) 100vw, 600px\" \/><\/a>\n\t\t\t\t<\/div>\n\t\t\t\t<h3 class=\"grid-title\"><a href=\"http:\/\/umvblowerdoor.de\/?page_id=3810\" rel=\"bookmark\">Thermografie<\/a><\/h3>\n\n\t\t\t\t<p>[vc_row][vc_column][vc_column_text][\/vc_column_text][vc_separator][\/vc_column][\/vc_row][vc_row row_type=&#8220;row_full_center_content&#8220; bg_image=&#8220;2610&#8243; row_parallax=&#8220;false&#8220; row_text_color=&#8220;row_text_light&#8220; border_color=&#8220;rgba(224,224,224,0.41)&#8220; border_style=&#8220;dotted&#8220; padding_top=&#8220;150&#8243; padding_bottom=&#8220;150&#8243;][vc_column width=&#8220;2\/3&#8243;][vc_column_text css_animation=&#8220;bottom-to-top&#8220;] NICHT NUR DEUTSCHLANDWEIT, SONDERN AUCH SCHWEIZ, LUXEMBOURG,\u00a0BELGIEN,\u00a0 NIEDERLANDE UND \u00d6STERREICH ...<\/p>\n\n\t\t\t\t<a class=\"grid-more\" href=\"http:\/\/umvblowerdoor.de\/?page_id=3810\" title=\"Thermografie\">MEHR ERFAHREN<\/a>\n\n\t\t\t<\/div>\n\t\t\t\n\t\t\t\t<div class=\"clear\"><\/div>\n\t\t<\/div>\n\t<\/div>[\/vc_column][\/vc_row]<\/p>\n<\/section>","protected":false},"excerpt":{"rendered":"<p>[vc_row padding_top=&#8220;10&#8243; padding_bottom=&#8220;0&#8243;][vc_column][\/vc_column][\/vc_row]<\/p>\n","protected":false},"author":1,"featured_media":0,"parent":0,"menu_order":0,"comment_status":"closed","ping_status":"closed","template":"","meta":[],"yoast_head":"<!-- This site is optimized with the Yoast SEO plugin v21.1 - https:\/\/yoast.com\/wordpress\/plugins\/seo\/ -->\n<title>Weitere Leistungen - UMV BlowerDoor Messungen GmbH<\/title>\n<meta name=\"robots\" content=\"index, follow, max-snippet:-1, max-image-preview:large, max-video-preview:-1\" \/>\n<link rel=\"canonical\" href=\"http:\/\/umvblowerdoor.de\/?page_id=3893\" \/>\n<meta property=\"og:locale\" content=\"de_DE\" \/>\n<meta property=\"og:type\" content=\"article\" \/>\n<meta property=\"og:title\" content=\"Weitere Leistungen - UMV BlowerDoor Messungen GmbH\" \/>\n<meta property=\"og:description\" content=\"[vc_row padding_top=&#8220;10&#8243; padding_bottom=&#8220;0&#8243;][vc_column][\/vc_column][\/vc_row]\" \/>\n<meta property=\"og:url\" content=\"http:\/\/umvblowerdoor.de\/?page_id=3893\" \/>\n<meta property=\"og:site_name\" content=\"UMV BlowerDoor Messungen GmbH\" \/>\n<meta property=\"article:modified_time\" content=\"2025-05-19T15:50:48+00:00\" \/>\n<meta name=\"twitter:card\" content=\"summary_large_image\" \/>\n<meta name=\"twitter:label1\" content=\"Gesch\u00e4tzte Lesezeit\" \/>\n\t<meta name=\"twitter:data1\" content=\"1\u00a0Minute\" \/>\n<script type=\"application\/ld+json\" class=\"yoast-schema-graph\">{\"@context\":\"https:\/\/schema.org\",\"@graph\":[{\"@type\":\"WebPage\",\"@id\":\"http:\/\/umvblowerdoor.de\/?page_id=3893\",\"url\":\"http:\/\/umvblowerdoor.de\/?page_id=3893\",\"name\":\"Weitere Leistungen - UMV BlowerDoor Messungen GmbH\",\"isPartOf\":{\"@id\":\"http:\/\/umvblowerdoor.de\/#website\"},\"datePublished\":\"2017-08-18T14:38:43+00:00\",\"dateModified\":\"2025-05-19T15:50:48+00:00\",\"breadcrumb\":{\"@id\":\"http:\/\/umvblowerdoor.de\/?page_id=3893#breadcrumb\"},\"inLanguage\":\"de\",\"potentialAction\":[{\"@type\":\"ReadAction\",\"target\":[\"http:\/\/umvblowerdoor.de\/?page_id=3893\"]}]},{\"@type\":\"BreadcrumbList\",\"@id\":\"http:\/\/umvblowerdoor.de\/?page_id=3893#breadcrumb\",\"itemListElement\":[{\"@type\":\"ListItem\",\"position\":1,\"name\":\"Startseite\",\"item\":\"http:\/\/umvblowerdoor.de\/\"},{\"@type\":\"ListItem\",\"position\":2,\"name\":\"Weitere Leistungen\"}]},{\"@type\":\"WebSite\",\"@id\":\"http:\/\/umvblowerdoor.de\/#website\",\"url\":\"http:\/\/umvblowerdoor.de\/\",\"name\":\"UMV BlowerDoor Messungen GmbH\",\"description\":\"Service mit Sicherheit \u00a9\",\"potentialAction\":[{\"@type\":\"SearchAction\",\"target\":{\"@type\":\"EntryPoint\",\"urlTemplate\":\"http:\/\/umvblowerdoor.de\/?s={search_term_string}\"},\"query-input\":\"required name=search_term_string\"}],\"inLanguage\":\"de\"}]}<\/script>\n<!-- \/ Yoast SEO plugin. -->","yoast_head_json":{"title":"Weitere Leistungen - UMV BlowerDoor Messungen GmbH","robots":{"index":"index","follow":"follow","max-snippet":"max-snippet:-1","max-image-preview":"max-image-preview:large","max-video-preview":"max-video-preview:-1"},"canonical":"http:\/\/umvblowerdoor.de\/?page_id=3893","og_locale":"de_DE","og_type":"article","og_title":"Weitere Leistungen - UMV BlowerDoor Messungen GmbH","og_description":"[vc_row padding_top=&#8220;10&#8243; padding_bottom=&#8220;0&#8243;][vc_column][\/vc_column][\/vc_row]","og_url":"http:\/\/umvblowerdoor.de\/?page_id=3893","og_site_name":"UMV BlowerDoor Messungen GmbH","article_modified_time":"2025-05-19T15:50:48+00:00","twitter_card":"summary_large_image","twitter_misc":{"Gesch\u00e4tzte Lesezeit":"1\u00a0Minute"},"schema":{"@context":"https:\/\/schema.org","@graph":[{"@type":"WebPage","@id":"http:\/\/umvblowerdoor.de\/?page_id=3893","url":"http:\/\/umvblowerdoor.de\/?page_id=3893","name":"Weitere Leistungen - UMV BlowerDoor Messungen GmbH","isPartOf":{"@id":"http:\/\/umvblowerdoor.de\/#website"},"datePublished":"2017-08-18T14:38:43+00:00","dateModified":"2025-05-19T15:50:48+00:00","breadcrumb":{"@id":"http:\/\/umvblowerdoor.de\/?page_id=3893#breadcrumb"},"inLanguage":"de","potentialAction":[{"@type":"ReadAction","target":["http:\/\/umvblowerdoor.de\/?page_id=3893"]}]},{"@type":"BreadcrumbList","@id":"http:\/\/umvblowerdoor.de\/?page_id=3893#breadcrumb","itemListElement":[{"@type":"ListItem","position":1,"name":"Startseite","item":"http:\/\/umvblowerdoor.de\/"},{"@type":"ListItem","position":2,"name":"Weitere Leistungen"}]},{"@type":"WebSite","@id":"http:\/\/umvblowerdoor.de\/#website","url":"http:\/\/umvblowerdoor.de\/","name":"UMV BlowerDoor Messungen GmbH","description":"Service mit Sicherheit \u00a9","potentialAction":[{"@type":"SearchAction","target":{"@type":"EntryPoint","urlTemplate":"http:\/\/umvblowerdoor.de\/?s={search_term_string}"},"query-input":"required name=search_term_string"}],"inLanguage":"de"}]}},"_links":{"self":[{"href":"http:\/\/umvblowerdoor.de\/index.php?rest_route=\/wp\/v2\/pages\/3893"}],"collection":[{"href":"http:\/\/umvblowerdoor.de\/index.php?rest_route=\/wp\/v2\/pages"}],"about":[{"href":"http:\/\/umvblowerdoor.de\/index.php?rest_route=\/wp\/v2\/types\/page"}],"author":[{"embeddable":true,"href":"http:\/\/umvblowerdoor.de\/index.php?rest_route=\/wp\/v2\/users\/1"}],"replies":[{"embeddable":true,"href":"http:\/\/umvblowerdoor.de\/index.php?rest_route=%2Fwp%2Fv2%2Fcomments&post=3893"}],"version-history":[{"count":11,"href":"http:\/\/umvblowerdoor.de\/index.php?rest_route=\/wp\/v2\/pages\/3893\/revisions"}],"predecessor-version":[{"id":6327,"href":"http:\/\/umvblowerdoor.de\/index.php?rest_route=\/wp\/v2\/pages\/3893\/revisions\/6327"}],"wp:attachment":[{"href":"http:\/\/umvblowerdoor.de\/index.php?rest_route=%2Fwp%2Fv2%2Fmedia&parent=3893"}],"curies":[{"name":"wp","href":"https:\/\/api.w.org\/{rel}","templated":true}]}}