{"id":3858,"date":"2017-08-16T13:42:48","date_gmt":"2017-08-16T11:42:48","guid":{"rendered":"http:\/\/umvblowerdoor.de\/?page_id=3858"},"modified":"2019-12-15T16:34:12","modified_gmt":"2019-12-15T14:34:12","slug":"ueber-uns","status":"publish","type":"page","link":"http:\/\/umvblowerdoor.de\/?page_id=3858","title":{"rendered":"\u00dcber uns"},"content":{"rendered":"<section class=\"wpb-content-wrapper\"><p>[vc_row][vc_column]\n\t<div class=\"testimonial\">\n\t\t<div class=\"testimonial-content\">\n\t\t\t<p><\/p>\n<p>Das Unternehmen UMV BlowerDoor Messungen wurde von mir im Jahre 2014 als Einzelunternehmen gegr\u00fcndet und w\u00e4chst seither stetig. 2015 wurde aus dem Einzelunternehmen die UMV BlowerDoor Messungen GmbH.<\/p>\n<p>Als Fachkraft f\u00fcr Differezndruck-Messtechnik ausgebildet und durch die Handwerkskammer Stuttgart zertifiziert, habe ich innerhalb von 2 Jahren ein mehrk\u00f6pfiges Team gebildet.<\/p>\n<p>Alle unsere Mitarbeiter verf\u00fcgen \u00fcber die entsprechende Fachausbildung und sie genie\u00dfen alle Vorz\u00fcge einer unbefristeten Festanstellung, denn die Zufriedenheit unserer Kunden beruht auf dem Wohlbehagen derer, die tagt\u00e4glich unter der Firmenflagge Bestleistung geben und somit mich und das gesamte Unternehmen repr\u00e4sentieren.<\/p>\n<p>Der Unterschied zwischen uns und einer Vielzahl Mitbewerber besteht ganz einfach darin, dass wir Ihnen einen Komplettservice bieten. Beginnend mit einer umfassenden Beratung, der Planung einer schnellen, gewissenhaften Durchf\u00fchrung der Luftdichtheitspr\u00fcfung bis hin zum fertigen Pr\u00fcfbericht unter Ber\u00fccksichtigung aller f\u00fcr die korrekte Ausf\u00fchrung Ihrer Messung relevanten Aspekte und das Ganze zu einem attraktiven Pauschalpreis Bundesweit!<\/p>\n<p>Sie als unser Kunde stehen im Zentrum unserer Gedankeng\u00e4nge und des Arbeitsgeschehens, denn wir unterst\u00fctzen Sie bei Ihrem Qualit\u00e4tsmanagement durch verl\u00e4ssliche und l\u00fcckenlose Darstellung aller Pr\u00fcfergebnisse, denn dies ist die Voraussetzung f\u00fcr Ihre Zufriedenheit \u2013 dies ist unser vorrangiges Ziel.<\/p>\n<p>Bei uns erfahren Sie den besten <strong>Service mit Sicherheit!<\/strong><\/p>\n\t\t<\/div>\n\t\t<div class=\"testimonial-header clearfix\">\n\t\t\t\t<div class=\"testimonial-avatar\"><img src=\"http:\/\/umvblowerdoor.de\/wp-content\/uploads\/2015\/02\/1.jpg\" alt=\"Timur Gottmann \u00b7 Gesch\u00e4ftsf\u00fchrer | Fachkraft f\u00fcr Differenzdruck-Messtechnik \u00b7\"><\/div>\n\t\t\t<div class=\"testimonial-name font-heading\">Timur Gottmann \u00b7 Gesch\u00e4ftsf\u00fchrer | Fachkraft f\u00fcr Differenzdruck-Messtechnik \u00b7<\/div>\n\t\t<\/div>\n\t<\/div>[\/vc_column][\/vc_row][vc_row padding_bottom=&#8220;0&#8243;][vc_column]<\/p>\n<\/section>","protected":false},"excerpt":{"rendered":"<p>[vc_row][vc_column][\/vc_column][\/vc_row][vc_row padding_bottom=&#8220;0&#8243;][vc_column]<\/p>\n","protected":false},"author":1,"featured_media":0,"parent":0,"menu_order":0,"comment_status":"closed","ping_status":"closed","template":"","meta":[],"yoast_head":"<!-- This site is optimized with the Yoast SEO plugin v21.1 - https:\/\/yoast.com\/wordpress\/plugins\/seo\/ -->\n<title>\u00dcber uns - UMV BlowerDoor Messungen GmbH<\/title>\n<meta name=\"robots\" content=\"index, follow, max-snippet:-1, max-image-preview:large, max-video-preview:-1\" \/>\n<link rel=\"canonical\" href=\"http:\/\/umvblowerdoor.de\/?page_id=3858\" \/>\n<meta property=\"og:locale\" content=\"de_DE\" \/>\n<meta property=\"og:type\" content=\"article\" \/>\n<meta property=\"og:title\" content=\"\u00dcber uns - UMV BlowerDoor Messungen GmbH\" \/>\n<meta property=\"og:description\" content=\"[vc_row][vc_column][\/vc_column][\/vc_row][vc_row padding_bottom=&#8220;0&#8243;][vc_column]\" \/>\n<meta property=\"og:url\" content=\"http:\/\/umvblowerdoor.de\/?page_id=3858\" \/>\n<meta property=\"og:site_name\" content=\"UMV BlowerDoor Messungen GmbH\" \/>\n<meta property=\"article:modified_time\" content=\"2019-12-15T14:34:12+00:00\" \/>\n<meta name=\"twitter:card\" content=\"summary_large_image\" \/>\n<meta name=\"twitter:label1\" content=\"Gesch\u00e4tzte Lesezeit\" \/>\n\t<meta name=\"twitter:data1\" content=\"1\u00a0Minute\" \/>\n<script type=\"application\/ld+json\" class=\"yoast-schema-graph\">{\"@context\":\"https:\/\/schema.org\",\"@graph\":[{\"@type\":\"WebPage\",\"@id\":\"http:\/\/umvblowerdoor.de\/?page_id=3858\",\"url\":\"http:\/\/umvblowerdoor.de\/?page_id=3858\",\"name\":\"\u00dcber uns - UMV BlowerDoor Messungen GmbH\",\"isPartOf\":{\"@id\":\"http:\/\/umvblowerdoor.de\/#website\"},\"datePublished\":\"2017-08-16T11:42:48+00:00\",\"dateModified\":\"2019-12-15T14:34:12+00:00\",\"breadcrumb\":{\"@id\":\"http:\/\/umvblowerdoor.de\/?page_id=3858#breadcrumb\"},\"inLanguage\":\"de\",\"potentialAction\":[{\"@type\":\"ReadAction\",\"target\":[\"http:\/\/umvblowerdoor.de\/?page_id=3858\"]}]},{\"@type\":\"BreadcrumbList\",\"@id\":\"http:\/\/umvblowerdoor.de\/?page_id=3858#breadcrumb\",\"itemListElement\":[{\"@type\":\"ListItem\",\"position\":1,\"name\":\"Startseite\",\"item\":\"http:\/\/umvblowerdoor.de\/\"},{\"@type\":\"ListItem\",\"position\":2,\"name\":\"\u00dcber uns\"}]},{\"@type\":\"WebSite\",\"@id\":\"http:\/\/umvblowerdoor.de\/#website\",\"url\":\"http:\/\/umvblowerdoor.de\/\",\"name\":\"UMV BlowerDoor Messungen GmbH\",\"description\":\"Service mit Sicherheit \u00a9\",\"potentialAction\":[{\"@type\":\"SearchAction\",\"target\":{\"@type\":\"EntryPoint\",\"urlTemplate\":\"http:\/\/umvblowerdoor.de\/?s={search_term_string}\"},\"query-input\":\"required name=search_term_string\"}],\"inLanguage\":\"de\"}]}<\/script>\n<!-- \/ Yoast SEO plugin. -->","yoast_head_json":{"title":"\u00dcber uns - UMV BlowerDoor Messungen GmbH","robots":{"index":"index","follow":"follow","max-snippet":"max-snippet:-1","max-image-preview":"max-image-preview:large","max-video-preview":"max-video-preview:-1"},"canonical":"http:\/\/umvblowerdoor.de\/?page_id=3858","og_locale":"de_DE","og_type":"article","og_title":"\u00dcber uns - UMV BlowerDoor Messungen GmbH","og_description":"[vc_row][vc_column][\/vc_column][\/vc_row][vc_row padding_bottom=&#8220;0&#8243;][vc_column]","og_url":"http:\/\/umvblowerdoor.de\/?page_id=3858","og_site_name":"UMV BlowerDoor Messungen GmbH","article_modified_time":"2019-12-15T14:34:12+00:00","twitter_card":"summary_large_image","twitter_misc":{"Gesch\u00e4tzte Lesezeit":"1\u00a0Minute"},"schema":{"@context":"https:\/\/schema.org","@graph":[{"@type":"WebPage","@id":"http:\/\/umvblowerdoor.de\/?page_id=3858","url":"http:\/\/umvblowerdoor.de\/?page_id=3858","name":"\u00dcber uns - UMV BlowerDoor Messungen GmbH","isPartOf":{"@id":"http:\/\/umvblowerdoor.de\/#website"},"datePublished":"2017-08-16T11:42:48+00:00","dateModified":"2019-12-15T14:34:12+00:00","breadcrumb":{"@id":"http:\/\/umvblowerdoor.de\/?page_id=3858#breadcrumb"},"inLanguage":"de","potentialAction":[{"@type":"ReadAction","target":["http:\/\/umvblowerdoor.de\/?page_id=3858"]}]},{"@type":"BreadcrumbList","@id":"http:\/\/umvblowerdoor.de\/?page_id=3858#breadcrumb","itemListElement":[{"@type":"ListItem","position":1,"name":"Startseite","item":"http:\/\/umvblowerdoor.de\/"},{"@type":"ListItem","position":2,"name":"\u00dcber uns"}]},{"@type":"WebSite","@id":"http:\/\/umvblowerdoor.de\/#website","url":"http:\/\/umvblowerdoor.de\/","name":"UMV BlowerDoor Messungen GmbH","description":"Service mit Sicherheit \u00a9","potentialAction":[{"@type":"SearchAction","target":{"@type":"EntryPoint","urlTemplate":"http:\/\/umvblowerdoor.de\/?s={search_term_string}"},"query-input":"required name=search_term_string"}],"inLanguage":"de"}]}},"_links":{"self":[{"href":"http:\/\/umvblowerdoor.de\/index.php?rest_route=\/wp\/v2\/pages\/3858"}],"collection":[{"href":"http:\/\/umvblowerdoor.de\/index.php?rest_route=\/wp\/v2\/pages"}],"about":[{"href":"http:\/\/umvblowerdoor.de\/index.php?rest_route=\/wp\/v2\/types\/page"}],"author":[{"embeddable":true,"href":"http:\/\/umvblowerdoor.de\/index.php?rest_route=\/wp\/v2\/users\/1"}],"replies":[{"embeddable":true,"href":"http:\/\/umvblowerdoor.de\/index.php?rest_route=%2Fwp%2Fv2%2Fcomments&post=3858"}],"version-history":[{"count":18,"href":"http:\/\/umvblowerdoor.de\/index.php?rest_route=\/wp\/v2\/pages\/3858\/revisions"}],"predecessor-version":[{"id":4871,"href":"http:\/\/umvblowerdoor.de\/index.php?rest_route=\/wp\/v2\/pages\/3858\/revisions\/4871"}],"wp:attachment":[{"href":"http:\/\/umvblowerdoor.de\/index.php?rest_route=%2Fwp%2Fv2%2Fmedia&parent=3858"}],"curies":[{"name":"wp","href":"https:\/\/api.w.org\/{rel}","templated":true}]}}