{"id":370,"date":"2015-02-12T19:15:03","date_gmt":"2015-02-12T19:15:03","guid":{"rendered":"http:\/\/demo.wpcharming.com\/construction\/?page_id=370"},"modified":"2021-11-25T21:57:08","modified_gmt":"2021-11-25T19:57:08","slug":"leckageortung","status":"publish","type":"page","link":"http:\/\/umvblowerdoor.de\/?page_id=370","title":{"rendered":"Leckageortung"},"content":{"rendered":"<section class=\"wpb-content-wrapper\"><p>[vc_row][vc_column][vc_column_text css_animation=&#8220;appear&#8220;]<\/p>\n<h4>Wir unterst\u00fctzen Sie bei Ihrem Qualit\u00e4tsmanagement durch unsere l\u00fcckenlose Lokalisierung und die dazugeh\u00f6rige Darstellung aller Lufteintrittstellen!<\/h4>\n<p>[\/vc_column_text][vc_text_separator title=&#8220;Folgende Methoden werden von uns angewandt&#8220; color=&#8220;pink&#8220; style=&#8220;dotted&#8220; border_width=&#8220;2&#8243;][\/vc_column][\/vc_row][vc_row][vc_column width=&#8220;1\/4&#8243;]\n\t<div class=\"custom-heading wpb_content_element  text-center\">\n\t\t<h2 class=\"heading-title\" >Anemometer<\/h2>\n\t<\/div>[vc_single_image image=&#8220;2604&#8243; img_size=&#8220;280&#215;280&#8243; alignment=&#8220;center&#8220; style=&#8220;vc_box_outline_circle_2&#8243; border_color=&#8220;pink&#8220; css_animation=&#8220;appear&#8220;][vc_column_text]<\/p>\n<p style=\"text-align: center;\">Mit einem Anemometer wird die str\u00f6mende Luft in Metern pro Sekunde angezeigt. Anhand der dargestellten Luftmenge k\u00f6nnen wir den Stellenwert des Lufteintritts&nbsp;bewerten.<\/p>\n<p>[\/vc_column_text][\/vc_column][vc_column width=&#8220;1\/4&#8243;]\n\t<div class=\"custom-heading wpb_content_element  text-center\">\n\t\t<h2 class=\"heading-title\" >Thermografie <\/h2>\n\t<\/div>[vc_single_image image=&#8220;3079&#8243; img_size=&#8220;280&#215;280&#8243; style=&#8220;vc_box_outline_circle_2&#8243; border_color=&#8220;pink&#8220; css_animation=&#8220;appear&#8220;][vc_column_text]<\/p>\n<p style=\"text-align: center;\">Mit einer W\u00e4rmebildkamera haben wir die M\u00f6glichkeit auch an den schwerzug\u00e4nglichen Stellen, die durch z.B. Unterdruck eingesaugten kalten Luftstr\u00f6me, &nbsp;sichtbar zu machen.<\/p>\n<p>[\/vc_column_text][\/vc_column][vc_column width=&#8220;1\/4&#8243;]\n\t<div class=\"custom-heading wpb_content_element  text-center\">\n\t\t<h2 class=\"heading-title\" >Nebel<\/h2>\n\t<\/div>[vc_single_image image=&#8220;3069&#8243; img_size=&#8220;280&#215;280&#8243; style=&#8220;vc_box_outline_circle_2&#8243; border_color=&#8220;pink&#8220; css_animation=&#8220;appear&#8220;][vc_column_text]<\/p>\n<p style=\"text-align: center;\">Durch den Einsatz eines Nebenaggregates&nbsp;k\u00f6nnen wir nahezu exakt die Str\u00f6mungsverl\u00e4ufe der Luftleckagen pr\u00e4zisieren.<\/p>\n<p>[\/vc_column_text][\/vc_column][vc_column width=&#8220;1\/4&#8243;]\n\t<div class=\"custom-heading wpb_content_element  text-center\">\n\t\t<h2 class=\"heading-title\" >Bauendoskopie<\/h2>\n\t<\/div>[vc_single_image image=&#8220;3714&#8243; img_size=&#8220;280&#215;280&#8243; style=&#8220;vc_box_outline_circle_2&#8243; border_color=&#8220;pink&#8220; css_animation=&#8220;appear&#8220;][vc_column_text]<\/p>\n<p style=\"text-align: center;\">Nach der erfolgreichen Lokalisierung einer Lufteintrittstelle, sind wir in der Lage auch schlecht erreichbare Nischen und Hohlr\u00e4ume mit Hilfe unserer <b>270\u00b0 schwenkbaren<\/b> Edoskopie-Sonde n\u00e4her zu beleuchten. Mit diesem optischen Direkteinblick, ist eine zerst\u00f6rungsfreie Visualisierung der zu vermutenden Defekte an Ihrer Geb\u00e4udeh\u00fclle m\u00f6glich.<\/p>\n<p>[\/vc_column_text][\/vc_column][\/vc_row][vc_row][vc_column][vc_separator style=&#8220;double&#8220;][\/vc_column][\/vc_row][vc_row row_type=&#8220;row_full_center_content&#8220; padding_top=&#8220;60&#8243;][\/vc_row][vc_row][vc_column][vc_single_image image=&#8220;3329&#8243; img_size=&#8220;large&#8220; alignment=&#8220;right&#8220; css_animation=&#8220;right-to-left&#8220;][\/vc_column][\/vc_row]<\/p>\n<\/section>","protected":false},"excerpt":{"rendered":"<p>[vc_row][vc_column][vc_column_text css_animation=&#8220;appear&#8220;] Wir unterst\u00fctzen Sie bei Ihrem Qualit\u00e4tsmanagement durch unsere l\u00fcckenlose Lokalisierung und die dazugeh\u00f6rige Darstellung aller Lufteintrittstellen! [\/vc_column_text][vc_text_separator title=&#8220;Folgende Methoden &#8230;<\/p>\n","protected":false},"author":1,"featured_media":0,"parent":0,"menu_order":0,"comment_status":"open","ping_status":"open","template":"","meta":[],"yoast_head":"<!-- This site is optimized with the Yoast SEO plugin v21.1 - https:\/\/yoast.com\/wordpress\/plugins\/seo\/ -->\n<title>Leckageortung - UMV BlowerDoor Messungen GmbH<\/title>\n<meta name=\"robots\" content=\"index, follow, max-snippet:-1, max-image-preview:large, max-video-preview:-1\" \/>\n<link rel=\"canonical\" href=\"http:\/\/umvblowerdoor.de\/?page_id=370\" \/>\n<meta property=\"og:locale\" content=\"de_DE\" \/>\n<meta property=\"og:type\" content=\"article\" \/>\n<meta property=\"og:title\" content=\"Leckageortung - UMV BlowerDoor Messungen GmbH\" \/>\n<meta property=\"og:description\" content=\"[vc_row][vc_column][vc_column_text css_animation=&#8220;appear&#8220;] Wir unterst\u00fctzen Sie bei Ihrem Qualit\u00e4tsmanagement durch unsere l\u00fcckenlose Lokalisierung und die dazugeh\u00f6rige Darstellung aller Lufteintrittstellen! [\/vc_column_text][vc_text_separator title=&#8220;Folgende Methoden ...\" \/>\n<meta property=\"og:url\" content=\"http:\/\/umvblowerdoor.de\/?page_id=370\" \/>\n<meta property=\"og:site_name\" content=\"UMV BlowerDoor Messungen GmbH\" \/>\n<meta property=\"article:modified_time\" content=\"2021-11-25T19:57:08+00:00\" \/>\n<meta name=\"twitter:card\" content=\"summary_large_image\" \/>\n<meta name=\"twitter:label1\" content=\"Gesch\u00e4tzte Lesezeit\" \/>\n\t<meta name=\"twitter:data1\" content=\"1\u00a0Minute\" \/>\n<script type=\"application\/ld+json\" class=\"yoast-schema-graph\">{\"@context\":\"https:\/\/schema.org\",\"@graph\":[{\"@type\":\"WebPage\",\"@id\":\"http:\/\/umvblowerdoor.de\/?page_id=370\",\"url\":\"http:\/\/umvblowerdoor.de\/?page_id=370\",\"name\":\"Leckageortung - UMV BlowerDoor Messungen GmbH\",\"isPartOf\":{\"@id\":\"http:\/\/umvblowerdoor.de\/#website\"},\"datePublished\":\"2015-02-12T19:15:03+00:00\",\"dateModified\":\"2021-11-25T19:57:08+00:00\",\"breadcrumb\":{\"@id\":\"http:\/\/umvblowerdoor.de\/?page_id=370#breadcrumb\"},\"inLanguage\":\"de\",\"potentialAction\":[{\"@type\":\"ReadAction\",\"target\":[\"http:\/\/umvblowerdoor.de\/?page_id=370\"]}]},{\"@type\":\"BreadcrumbList\",\"@id\":\"http:\/\/umvblowerdoor.de\/?page_id=370#breadcrumb\",\"itemListElement\":[{\"@type\":\"ListItem\",\"position\":1,\"name\":\"Startseite\",\"item\":\"http:\/\/umvblowerdoor.de\/\"},{\"@type\":\"ListItem\",\"position\":2,\"name\":\"Leckageortung\"}]},{\"@type\":\"WebSite\",\"@id\":\"http:\/\/umvblowerdoor.de\/#website\",\"url\":\"http:\/\/umvblowerdoor.de\/\",\"name\":\"UMV BlowerDoor Messungen GmbH\",\"description\":\"Service mit Sicherheit \u00a9\",\"potentialAction\":[{\"@type\":\"SearchAction\",\"target\":{\"@type\":\"EntryPoint\",\"urlTemplate\":\"http:\/\/umvblowerdoor.de\/?s={search_term_string}\"},\"query-input\":\"required name=search_term_string\"}],\"inLanguage\":\"de\"}]}<\/script>\n<!-- \/ Yoast SEO plugin. -->","yoast_head_json":{"title":"Leckageortung - UMV BlowerDoor Messungen GmbH","robots":{"index":"index","follow":"follow","max-snippet":"max-snippet:-1","max-image-preview":"max-image-preview:large","max-video-preview":"max-video-preview:-1"},"canonical":"http:\/\/umvblowerdoor.de\/?page_id=370","og_locale":"de_DE","og_type":"article","og_title":"Leckageortung - UMV BlowerDoor Messungen GmbH","og_description":"[vc_row][vc_column][vc_column_text css_animation=&#8220;appear&#8220;] Wir unterst\u00fctzen Sie bei Ihrem Qualit\u00e4tsmanagement durch unsere l\u00fcckenlose Lokalisierung und die dazugeh\u00f6rige Darstellung aller Lufteintrittstellen! [\/vc_column_text][vc_text_separator title=&#8220;Folgende Methoden ...","og_url":"http:\/\/umvblowerdoor.de\/?page_id=370","og_site_name":"UMV BlowerDoor Messungen GmbH","article_modified_time":"2021-11-25T19:57:08+00:00","twitter_card":"summary_large_image","twitter_misc":{"Gesch\u00e4tzte Lesezeit":"1\u00a0Minute"},"schema":{"@context":"https:\/\/schema.org","@graph":[{"@type":"WebPage","@id":"http:\/\/umvblowerdoor.de\/?page_id=370","url":"http:\/\/umvblowerdoor.de\/?page_id=370","name":"Leckageortung - UMV BlowerDoor Messungen GmbH","isPartOf":{"@id":"http:\/\/umvblowerdoor.de\/#website"},"datePublished":"2015-02-12T19:15:03+00:00","dateModified":"2021-11-25T19:57:08+00:00","breadcrumb":{"@id":"http:\/\/umvblowerdoor.de\/?page_id=370#breadcrumb"},"inLanguage":"de","potentialAction":[{"@type":"ReadAction","target":["http:\/\/umvblowerdoor.de\/?page_id=370"]}]},{"@type":"BreadcrumbList","@id":"http:\/\/umvblowerdoor.de\/?page_id=370#breadcrumb","itemListElement":[{"@type":"ListItem","position":1,"name":"Startseite","item":"http:\/\/umvblowerdoor.de\/"},{"@type":"ListItem","position":2,"name":"Leckageortung"}]},{"@type":"WebSite","@id":"http:\/\/umvblowerdoor.de\/#website","url":"http:\/\/umvblowerdoor.de\/","name":"UMV BlowerDoor Messungen GmbH","description":"Service mit Sicherheit \u00a9","potentialAction":[{"@type":"SearchAction","target":{"@type":"EntryPoint","urlTemplate":"http:\/\/umvblowerdoor.de\/?s={search_term_string}"},"query-input":"required name=search_term_string"}],"inLanguage":"de"}]}},"_links":{"self":[{"href":"http:\/\/umvblowerdoor.de\/index.php?rest_route=\/wp\/v2\/pages\/370"}],"collection":[{"href":"http:\/\/umvblowerdoor.de\/index.php?rest_route=\/wp\/v2\/pages"}],"about":[{"href":"http:\/\/umvblowerdoor.de\/index.php?rest_route=\/wp\/v2\/types\/page"}],"author":[{"embeddable":true,"href":"http:\/\/umvblowerdoor.de\/index.php?rest_route=\/wp\/v2\/users\/1"}],"replies":[{"embeddable":true,"href":"http:\/\/umvblowerdoor.de\/index.php?rest_route=%2Fwp%2Fv2%2Fcomments&post=370"}],"version-history":[{"count":160,"href":"http:\/\/umvblowerdoor.de\/index.php?rest_route=\/wp\/v2\/pages\/370\/revisions"}],"predecessor-version":[{"id":5190,"href":"http:\/\/umvblowerdoor.de\/index.php?rest_route=\/wp\/v2\/pages\/370\/revisions\/5190"}],"wp:attachment":[{"href":"http:\/\/umvblowerdoor.de\/index.php?rest_route=%2Fwp%2Fv2%2Fmedia&parent=370"}],"curies":[{"name":"wp","href":"https:\/\/api.w.org\/{rel}","templated":true}]}}