{"id":269,"date":"2015-02-09T16:56:49","date_gmt":"2015-02-09T16:56:49","guid":{"rendered":"http:\/\/demo.wpcharming.com\/construction\/my-account\/"},"modified":"2025-06-22T19:55:54","modified_gmt":"2025-06-22T17:55:54","slug":"my-account-2","status":"publish","type":"page","link":"http:\/\/umvblowerdoor.de\/?page_id=269","title":{"rendered":"Impressum"},"content":{"rendered":"<h3>\n\t<div class=\"custom-heading wpb_content_element \">\n\t\t<h2 class=\"heading-title\" >Impressum<\/h2>\n\t\t<span class=\"heading-line primary\"><\/span>\n\t<\/div><\/h3>\n<h3>UMV BlowerDoor Messungen GmbH<\/h3>\n<p>Hausener Stra\u00dfe 17 | D-97688 Bad Kissingen<br \/>\nTel.: \u00a0+49 (971) 728 309 13 | Fax.: \u00a0+49 (971) 728 309 15<br \/>\nE-Mail: <a href=\"http:\/\/umvblowerdoor.de\/wp-content\/uploads\/2024\/01\/Bildschirmfoto-2024-01-17-um-16.26.08.png\"><img decoding=\"async\" loading=\"lazy\" class=\"alignnone wp-image-6315\" src=\"http:\/\/umvblowerdoor.de\/wp-content\/uploads\/2024\/01\/Bildschirmfoto-2024-01-17-um-16.26.08.png\" alt=\"\" width=\"167\" height=\"26\" srcset=\"http:\/\/umvblowerdoor.de\/wp-content\/uploads\/2024\/01\/Bildschirmfoto-2024-01-17-um-16.26.08.png 314w, http:\/\/umvblowerdoor.de\/wp-content\/uploads\/2024\/01\/Bildschirmfoto-2024-01-17-um-16.26.08-300x46.png 300w\" sizes=\"(max-width: 167px) 100vw, 167px\" \/><\/a>\u00a0| Web: http:\/\/www.umvblowerdoor.de<\/p>\n<p><strong data-start=\"331\" data-end=\"381\">\u2500\u2500\u2500\u2500\u2500\u2500\u2500\u2500\u2500\u2500\u2500\u2500\u2500\u2500\u2500\u2500\u2500\u2500\u2500\u2500\u2500\u2500\u2500\u2500\u2500\u2500\u2500\u2500\u2500\u2500\u2500\u2500\u2500\u2500\u2500\u2500\u2500\u2500\u2500\u2500\u2500\u2500\u2500\u2500\u2500\u2500<\/strong><\/p>\n<p><span style=\"font-size: 18pt;\">\ud83d\udcec\u00a0<\/span><span style=\"font-size: 14pt;\"><strong data-start=\"902\" data-end=\"928\"><span style=\"color: #ff2600;\">Wichtiger Posthinweis:<\/span><\/strong><\/span><br data-start=\"928\" data-end=\"931\" \/>Unsere Briefpost erreicht uns ab sofort\u00a0<span style=\"color: #ff2600;\"><strong data-start=\"973\" data-end=\"993\">nur noch digital<\/strong>.<\/span><br data-start=\"994\" data-end=\"997\" \/>Bitte verwenden Sie\u00a0<span style=\"color: #ff2600;\"><strong data-start=\"1019\" data-end=\"1054\">ausschlie\u00dflich folgende Adresse<\/strong>:<\/span><\/p>\n<div><strong data-start=\"1121\" data-end=\"1170\" data-is-only-node=\"\">UMV BlowerDoor Messungen GmbH<\/strong><\/div>\n<div><strong data-start=\"1121\" data-end=\"1170\" data-is-only-node=\"\"><span style=\"color: #ff2600;\">Scanbox #16823<br data-start=\"1116\" data-end=\"1119\" \/>Ehrenbergstr. 16a, 10245 Berlin<\/span><\/strong><\/div>\n<div><strong data-start=\"331\" data-end=\"381\">\u2500\u2500\u2500\u2500\u2500\u2500\u2500\u2500\u2500\u2500\u2500\u2500\u2500\u2500\u2500\u2500\u2500\u2500\u2500\u2500\u2500\u2500\u2500\u2500\u2500\u2500\u2500\u2500\u2500\u2500\u2500\u2500\u2500\u2500\u2500\u2500\u2500\u2500\u2500\u2500\u2500\u2500\u2500\u2500\u2500\u2500<\/strong><\/div>\n<div><\/div>\n<h4>\u00a7Rechtliche Informationen<\/h4>\n<p>Registernummer: HBR 7129, Firmensitz Bad Kissingen<br \/>\nRegistergericht: Amtsgericht Schweinfurt<br \/>\nGesetzlicher Vertreter: Timur Gottmann<br \/>\nSt.-Nr.: 205\/140\/70092<br \/>\nUSt.-IdNr.: DE 3 013 035 79<\/p>\n<h4>Informationen zur Berufsgenossenschaft\u00a0| Unfallversicherung<\/h4>\n<p><strong>VBG Bezirksverwaltung W\u00fcrzburg\u00a0<\/strong><br \/>\nRiemenschneiderstr. 2<br \/>\n97003 W\u00fcrzburg<\/p>\n<h4>F\u00fcr die redaktionellen Inhalte verantwortlich:<\/h4>\n<p>upgrade Music-&amp;Video-Studio<br \/>\nFr\u00fchlingstra\u00dfe 7 | D-97688 Bad Kissingen<br \/>\nE-Mail: info@upgrade-music-video.de | Web: http:\/\/www.upgrade-music-video.de<\/p>\n<h4>Weitere Informationen:<\/h4>\n<p>Trotz sorgf\u00e4ltiger inhaltlicher Kontrolle \u00fcbernehmen wir keine Haftung f\u00fcr die Inhalte externer Links. F\u00fcr den Inhalt der verlinkten Seiten sind ausschlie\u00dflich deren Betreiber verantwortlich. Alle hier verwendeten Namen, Begriffe, Zeichen und Grafiken k\u00f6nnen Marken- oder Warenzeichen im Besitze ihrer rechtlichen Eigent\u00fcmer sein. Die Rechte aller erw\u00e4hnten und benutzten Marken- und Warenzeichen liegen ausschlie\u00dflich bei deren Besitzern.<\/p>\n","protected":false},"excerpt":{"rendered":"<p>UMV BlowerDoor Messungen GmbH Hausener Stra\u00dfe 17 | D-97688 Bad Kissingen Tel.: \u00a0+49 (971) 728 309 13 | Fax.: \u00a0+49 (971) &#8230;<\/p>\n","protected":false},"author":1,"featured_media":2428,"parent":0,"menu_order":0,"comment_status":"closed","ping_status":"open","template":"","meta":[],"yoast_head":"<!-- This site is optimized with the Yoast SEO plugin v21.1 - https:\/\/yoast.com\/wordpress\/plugins\/seo\/ -->\n<title>Impressum - UMV BlowerDoor Messungen GmbH<\/title>\n<meta name=\"robots\" content=\"index, follow, max-snippet:-1, max-image-preview:large, max-video-preview:-1\" \/>\n<link rel=\"canonical\" href=\"http:\/\/umvblowerdoor.de\/?page_id=269\" \/>\n<meta property=\"og:locale\" content=\"de_DE\" \/>\n<meta property=\"og:type\" content=\"article\" \/>\n<meta property=\"og:title\" content=\"Impressum - UMV BlowerDoor Messungen GmbH\" \/>\n<meta property=\"og:description\" content=\"UMV BlowerDoor Messungen GmbH Hausener Stra\u00dfe 17 | D-97688 Bad Kissingen Tel.: \u00a0+49 (971) 728 309 13 | Fax.: \u00a0+49 (971) ...\" \/>\n<meta property=\"og:url\" content=\"http:\/\/umvblowerdoor.de\/?page_id=269\" \/>\n<meta property=\"og:site_name\" content=\"UMV BlowerDoor Messungen GmbH\" \/>\n<meta property=\"article:modified_time\" content=\"2025-06-22T17:55:54+00:00\" \/>\n<meta property=\"og:image\" content=\"http:\/\/umvblowerdoor.de\/wp-content\/uploads\/2015\/02\/desk2-1024x456.png\" \/>\n\t<meta property=\"og:image:width\" content=\"1024\" \/>\n\t<meta property=\"og:image:height\" content=\"456\" \/>\n\t<meta property=\"og:image:type\" content=\"image\/png\" \/>\n<meta name=\"twitter:card\" content=\"summary_large_image\" \/>\n<meta name=\"twitter:label1\" content=\"Gesch\u00e4tzte Lesezeit\" \/>\n\t<meta name=\"twitter:data1\" content=\"2\u00a0Minuten\" \/>\n<script type=\"application\/ld+json\" class=\"yoast-schema-graph\">{\"@context\":\"https:\/\/schema.org\",\"@graph\":[{\"@type\":\"WebPage\",\"@id\":\"http:\/\/umvblowerdoor.de\/?page_id=269\",\"url\":\"http:\/\/umvblowerdoor.de\/?page_id=269\",\"name\":\"Impressum - UMV BlowerDoor Messungen GmbH\",\"isPartOf\":{\"@id\":\"http:\/\/umvblowerdoor.de\/#website\"},\"datePublished\":\"2015-02-09T16:56:49+00:00\",\"dateModified\":\"2025-06-22T17:55:54+00:00\",\"breadcrumb\":{\"@id\":\"http:\/\/umvblowerdoor.de\/?page_id=269#breadcrumb\"},\"inLanguage\":\"de\",\"potentialAction\":[{\"@type\":\"ReadAction\",\"target\":[\"http:\/\/umvblowerdoor.de\/?page_id=269\"]}]},{\"@type\":\"BreadcrumbList\",\"@id\":\"http:\/\/umvblowerdoor.de\/?page_id=269#breadcrumb\",\"itemListElement\":[{\"@type\":\"ListItem\",\"position\":1,\"name\":\"Startseite\",\"item\":\"http:\/\/umvblowerdoor.de\/\"},{\"@type\":\"ListItem\",\"position\":2,\"name\":\"Impressum\"}]},{\"@type\":\"WebSite\",\"@id\":\"http:\/\/umvblowerdoor.de\/#website\",\"url\":\"http:\/\/umvblowerdoor.de\/\",\"name\":\"UMV BlowerDoor Messungen GmbH\",\"description\":\"Service mit Sicherheit \u00a9\",\"potentialAction\":[{\"@type\":\"SearchAction\",\"target\":{\"@type\":\"EntryPoint\",\"urlTemplate\":\"http:\/\/umvblowerdoor.de\/?s={search_term_string}\"},\"query-input\":\"required name=search_term_string\"}],\"inLanguage\":\"de\"}]}<\/script>\n<!-- \/ Yoast SEO plugin. -->","yoast_head_json":{"title":"Impressum - UMV BlowerDoor Messungen GmbH","robots":{"index":"index","follow":"follow","max-snippet":"max-snippet:-1","max-image-preview":"max-image-preview:large","max-video-preview":"max-video-preview:-1"},"canonical":"http:\/\/umvblowerdoor.de\/?page_id=269","og_locale":"de_DE","og_type":"article","og_title":"Impressum - UMV BlowerDoor Messungen GmbH","og_description":"UMV BlowerDoor Messungen GmbH Hausener Stra\u00dfe 17 | D-97688 Bad Kissingen Tel.: \u00a0+49 (971) 728 309 13 | Fax.: \u00a0+49 (971) ...","og_url":"http:\/\/umvblowerdoor.de\/?page_id=269","og_site_name":"UMV BlowerDoor Messungen GmbH","article_modified_time":"2025-06-22T17:55:54+00:00","og_image":[{"width":1024,"height":456,"url":"http:\/\/umvblowerdoor.de\/wp-content\/uploads\/2015\/02\/desk2-1024x456.png","type":"image\/png"}],"twitter_card":"summary_large_image","twitter_misc":{"Gesch\u00e4tzte Lesezeit":"2\u00a0Minuten"},"schema":{"@context":"https:\/\/schema.org","@graph":[{"@type":"WebPage","@id":"http:\/\/umvblowerdoor.de\/?page_id=269","url":"http:\/\/umvblowerdoor.de\/?page_id=269","name":"Impressum - UMV BlowerDoor Messungen GmbH","isPartOf":{"@id":"http:\/\/umvblowerdoor.de\/#website"},"datePublished":"2015-02-09T16:56:49+00:00","dateModified":"2025-06-22T17:55:54+00:00","breadcrumb":{"@id":"http:\/\/umvblowerdoor.de\/?page_id=269#breadcrumb"},"inLanguage":"de","potentialAction":[{"@type":"ReadAction","target":["http:\/\/umvblowerdoor.de\/?page_id=269"]}]},{"@type":"BreadcrumbList","@id":"http:\/\/umvblowerdoor.de\/?page_id=269#breadcrumb","itemListElement":[{"@type":"ListItem","position":1,"name":"Startseite","item":"http:\/\/umvblowerdoor.de\/"},{"@type":"ListItem","position":2,"name":"Impressum"}]},{"@type":"WebSite","@id":"http:\/\/umvblowerdoor.de\/#website","url":"http:\/\/umvblowerdoor.de\/","name":"UMV BlowerDoor Messungen GmbH","description":"Service mit Sicherheit \u00a9","potentialAction":[{"@type":"SearchAction","target":{"@type":"EntryPoint","urlTemplate":"http:\/\/umvblowerdoor.de\/?s={search_term_string}"},"query-input":"required name=search_term_string"}],"inLanguage":"de"}]}},"_links":{"self":[{"href":"http:\/\/umvblowerdoor.de\/index.php?rest_route=\/wp\/v2\/pages\/269"}],"collection":[{"href":"http:\/\/umvblowerdoor.de\/index.php?rest_route=\/wp\/v2\/pages"}],"about":[{"href":"http:\/\/umvblowerdoor.de\/index.php?rest_route=\/wp\/v2\/types\/page"}],"author":[{"embeddable":true,"href":"http:\/\/umvblowerdoor.de\/index.php?rest_route=\/wp\/v2\/users\/1"}],"replies":[{"embeddable":true,"href":"http:\/\/umvblowerdoor.de\/index.php?rest_route=%2Fwp%2Fv2%2Fcomments&post=269"}],"version-history":[{"count":15,"href":"http:\/\/umvblowerdoor.de\/index.php?rest_route=\/wp\/v2\/pages\/269\/revisions"}],"predecessor-version":[{"id":6337,"href":"http:\/\/umvblowerdoor.de\/index.php?rest_route=\/wp\/v2\/pages\/269\/revisions\/6337"}],"wp:featuredmedia":[{"embeddable":true,"href":"http:\/\/umvblowerdoor.de\/index.php?rest_route=\/wp\/v2\/media\/2428"}],"wp:attachment":[{"href":"http:\/\/umvblowerdoor.de\/index.php?rest_route=%2Fwp%2Fv2%2Fmedia&parent=269"}],"curies":[{"name":"wp","href":"https:\/\/api.w.org\/{rel}","templated":true}]}}