{"id":25,"date":"2015-02-05T10:22:10","date_gmt":"2015-02-05T10:22:10","guid":{"rendered":"http:\/\/demo.wpcharming.com\/construction\/?page_id=25"},"modified":"2023-03-27T00:40:18","modified_gmt":"2023-03-26T22:40:18","slug":"contact-us","status":"publish","type":"page","link":"http:\/\/umvblowerdoor.de\/?page_id=25","title":{"rendered":"Kontakt"},"content":{"rendered":"<section class=\"wpb-content-wrapper\"><p>[vc_row row_type=&#8220;row_full_center_content&#8220; bg_position=&#8220;left top&#8220; bg_repeat=&#8220;no-repeat&#8220; row_text_color=&#8220;row_text_select&#8220; border_style=&#8220;solid&#8220; padding_top=&#8220;10&#8243;][vc_column width=&#8220;1\/2&#8243;]\n\t<div class=\"custom-heading wpb_content_element \">\n\t\t<h2 class=\"heading-title\" >Unsere Kontaktdaten<\/h2>\n\t\t<span class=\"heading-line primary\"><\/span>\n\t<\/div>[vc_column_text]Rufen Sie uns an, oder kontaktieren Sie uns \u00fcber das Kontakt-Formular. F\u00fcr Terminanfragen, Buchungen oder Fragen rund um Ihre Blower-Door-Messung, stehen wir Ihnen gerne zur Verf\u00fcgung!<\/p>\n<h4>\n\t<div class=\"custom-heading wpb_content_element \">\n\t\t<h2 class=\"heading-title\" >Wir freuen uns auf Sie!<\/h2>\n\t\t<span class=\"heading-line primary\"><\/span>\n\t<\/div><\/h4>\n<p>[\/vc_column_text]\n<div class=\"wpcf7 no-js\" id=\"wpcf7-f4-o1\" lang=\"en-US\" dir=\"ltr\">\n<div class=\"screen-reader-response\"><p role=\"status\" aria-live=\"polite\" aria-atomic=\"true\"><\/p> <ul><\/ul><\/div>\n<form action=\"\/index.php?rest_route=%2Fwp%2Fv2%2Fpages%2F25#wpcf7-f4-o1\" method=\"post\" class=\"wpcf7-form init\" aria-label=\"Contact form\" novalidate=\"novalidate\" data-status=\"init\">\n<div style=\"display: none;\">\n<input type=\"hidden\" name=\"_wpcf7\" value=\"4\" \/>\n<input type=\"hidden\" name=\"_wpcf7_version\" value=\"5.7.5.1\" \/>\n<input type=\"hidden\" name=\"_wpcf7_locale\" value=\"en_US\" \/>\n<input type=\"hidden\" name=\"_wpcf7_unit_tag\" value=\"wpcf7-f4-o1\" \/>\n<input type=\"hidden\" name=\"_wpcf7_container_post\" value=\"0\" \/>\n<input type=\"hidden\" name=\"_wpcf7_posted_data_hash\" value=\"\" \/>\n<\/div>\n<div class=\"form_1_2\">\n\t<p><span class=\"wpcf7-form-control-wrap\" data-name=\"first-name\"><input size=\"40\" class=\"wpcf7-form-control wpcf7-text wpcf7-validates-as-required\" aria-required=\"true\" aria-invalid=\"false\" placeholder=\"Vorname *\" value=\"\" type=\"text\" name=\"first-name\" \/><\/span>\n\t<\/p>\n<\/div>\n<div class=\"form_1_2 last\">\n\t<p><span class=\"wpcf7-form-control-wrap\" data-name=\"last-name\"><input size=\"40\" class=\"wpcf7-form-control wpcf7-text wpcf7-validates-as-required\" aria-required=\"true\" aria-invalid=\"false\" placeholder=\"Nachname *\" value=\"\" type=\"text\" name=\"last-name\" \/><\/span>\n\t<\/p>\n<\/div>\n<div class=\"clear\">\n<\/div>\n<div class=\"form_1_2\">\n\t<p><span class=\"wpcf7-form-control-wrap\" data-name=\"your-email\"><input size=\"40\" class=\"wpcf7-form-control wpcf7-text wpcf7-email wpcf7-validates-as-required wpcf7-validates-as-email\" aria-required=\"true\" aria-invalid=\"false\" placeholder=\"Ihre E-Mail Adresse *\" value=\"\" type=\"email\" name=\"your-email\" \/><\/span>\n\t<\/p>\n<\/div>\n<div class=\"form_1_2 last\">\n\t<p><span class=\"wpcf7-form-control-wrap\" data-name=\"tel-879\"><input size=\"40\" class=\"wpcf7-form-control wpcf7-text wpcf7-tel wpcf7-validates-as-required wpcf7-validates-as-tel\" aria-required=\"true\" aria-invalid=\"false\" placeholder=\"Ihre Telefonnummer *\" value=\"\" type=\"tel\" name=\"tel-879\" \/><\/span>\n\t<\/p>\n<\/div>\n<div class=\"clear\">\n<\/div>\n<p><span class=\"wpcf7-form-control-wrap\" data-name=\"your-subject\"><input size=\"40\" class=\"wpcf7-form-control wpcf7-text\" aria-invalid=\"false\" placeholder=\"Betreff\" value=\"\" type=\"text\" name=\"your-subject\" \/><\/span>\n<\/p>\n<p><span class=\"wpcf7-form-control-wrap\" data-name=\"your-message\"><textarea cols=\"40\" rows=\"10\" class=\"wpcf7-form-control wpcf7-textarea\" aria-invalid=\"false\" placeholder=\"Text\" name=\"your-message\"><\/textarea><\/span>\n<\/p>\n<p><input class=\"wpcf7-form-control has-spinner wpcf7-submit btn btn-large btn-secondary\" type=\"submit\" value=\"Anfrage Senden\" \/>\n<\/p><p style=\"display: none !important;\"><label>&#916;<textarea name=\"_wpcf7_ak_hp_textarea\" cols=\"45\" rows=\"8\" maxlength=\"100\"><\/textarea><\/label><input type=\"hidden\" id=\"ak_js_1\" name=\"_wpcf7_ak_js\" value=\"223\"\/><script>document.getElementById( \"ak_js_1\" ).setAttribute( \"value\", ( new Date() ).getTime() );<\/script><\/p><div class=\"wpcf7-response-output\" aria-hidden=\"true\"><\/div>\n<\/form>\n<\/div>\n[\/vc_column][vc_column width=&#8220;1\/2&#8243;][vc_row_inner][vc_column_inner width=&#8220;1\/2&#8243; css=&#8220;.vc_custom_1423767656799{margin-top: 60px !important;margin-bottom: 40px !important;}&#8220;][vc_column_text]<\/p>\n<h4>UNSERE ADRESSE<\/h4>\n<p>Johannisstra\u00dfe 8<br \/>\nD-97688 Bad Kissingen<br \/>\n[\/vc_column_text][\/vc_column_inner][vc_column_inner width=&#8220;1\/2&#8243; css=&#8220;.vc_custom_1423767662799{margin-top: 60px !important;margin-bottom: 40px !important;}&#8220;][vc_column_text]<\/p>\n<h4>KONTAKT INFO<\/h4>\n<p>+49 (971) 728 309 13<br \/>\ninfo@umvblowerdoor.de<br \/>\nwww.umvblowerdoor.de[\/vc_column_text][\/vc_column_inner][\/vc_row_inner][vc_column_text]<iframe loading=\"lazy\" style=\"border: 0;\" src=\"https:\/\/www.google.com\/maps\/embed?pb=!1m18!1m12!1m3!1d2523919.8665323025!2d2.1740813085295256!3d51.84697837278959!2m3!1f0!2f0!3f0!3m2!1i1024!2i768!4f13.1!3m3!1m2!1s0x47a2e3280c13cd31%3A0x6e47697379ac4be8!2sUMV+BlowerDoor+Messungen+GmbH!5e0!3m2!1sde!2sde!4v1468770445413\" width=\"600\" height=\"450\" frameborder=\"0\" allowfullscreen=\"allowfullscreen\"><\/iframe>[\/vc_column][\/vc_row]<\/p>\n<\/section>","protected":false},"excerpt":{"rendered":"<p>[vc_row row_type=&#8220;row_full_center_content&#8220; bg_position=&#8220;left top&#8220; bg_repeat=&#8220;no-repeat&#8220; row_text_color=&#8220;row_text_select&#8220; border_style=&#8220;solid&#8220; padding_top=&#8220;10&#8243;][vc_column width=&#8220;1\/2&#8243;][vc_column_text]Rufen Sie uns an, oder kontaktieren Sie uns \u00fcber das Kontakt-Formular. F\u00fcr Terminanfragen, &#8230;<\/p>\n","protected":false},"author":1,"featured_media":0,"parent":0,"menu_order":0,"comment_status":"closed","ping_status":"open","template":"","meta":[],"yoast_head":"<!-- This site is optimized with the Yoast SEO plugin v21.1 - https:\/\/yoast.com\/wordpress\/plugins\/seo\/ -->\n<title>Kontakt - UMV BlowerDoor Messungen GmbH<\/title>\n<meta name=\"robots\" content=\"index, follow, max-snippet:-1, max-image-preview:large, max-video-preview:-1\" \/>\n<link rel=\"canonical\" href=\"http:\/\/umvblowerdoor.de\/?page_id=25\" \/>\n<meta property=\"og:locale\" content=\"de_DE\" \/>\n<meta property=\"og:type\" content=\"article\" \/>\n<meta property=\"og:title\" content=\"Kontakt - UMV BlowerDoor Messungen GmbH\" \/>\n<meta property=\"og:description\" content=\"[vc_row row_type=&#8220;row_full_center_content&#8220; bg_position=&#8220;left top&#8220; bg_repeat=&#8220;no-repeat&#8220; row_text_color=&#8220;row_text_select&#8220; border_style=&#8220;solid&#8220; padding_top=&#8220;10&#8243;][vc_column width=&#8220;1\/2&#8243;][vc_column_text]Rufen Sie uns an, oder kontaktieren Sie uns \u00fcber das Kontakt-Formular. F\u00fcr Terminanfragen, ...\" \/>\n<meta property=\"og:url\" content=\"http:\/\/umvblowerdoor.de\/?page_id=25\" \/>\n<meta property=\"og:site_name\" content=\"UMV BlowerDoor Messungen GmbH\" \/>\n<meta property=\"article:modified_time\" content=\"2023-03-26T22:40:18+00:00\" \/>\n<meta name=\"twitter:card\" content=\"summary_large_image\" \/>\n<meta name=\"twitter:label1\" content=\"Est. reading time\" \/>\n\t<meta name=\"twitter:data1\" content=\"1\u00a0Minute\" \/>\n<script type=\"application\/ld+json\" class=\"yoast-schema-graph\">{\"@context\":\"https:\/\/schema.org\",\"@graph\":[{\"@type\":\"WebPage\",\"@id\":\"http:\/\/umvblowerdoor.de\/?page_id=25\",\"url\":\"http:\/\/umvblowerdoor.de\/?page_id=25\",\"name\":\"Kontakt - UMV BlowerDoor Messungen GmbH\",\"isPartOf\":{\"@id\":\"http:\/\/umvblowerdoor.de\/#website\"},\"datePublished\":\"2015-02-05T10:22:10+00:00\",\"dateModified\":\"2023-03-26T22:40:18+00:00\",\"breadcrumb\":{\"@id\":\"http:\/\/umvblowerdoor.de\/?page_id=25#breadcrumb\"},\"inLanguage\":\"de\",\"potentialAction\":[{\"@type\":\"ReadAction\",\"target\":[\"http:\/\/umvblowerdoor.de\/?page_id=25\"]}]},{\"@type\":\"BreadcrumbList\",\"@id\":\"http:\/\/umvblowerdoor.de\/?page_id=25#breadcrumb\",\"itemListElement\":[{\"@type\":\"ListItem\",\"position\":1,\"name\":\"Home\",\"item\":\"http:\/\/umvblowerdoor.de\/\"},{\"@type\":\"ListItem\",\"position\":2,\"name\":\"Kontakt\"}]},{\"@type\":\"WebSite\",\"@id\":\"http:\/\/umvblowerdoor.de\/#website\",\"url\":\"http:\/\/umvblowerdoor.de\/\",\"name\":\"UMV BlowerDoor Messungen GmbH\",\"description\":\"Service mit Sicherheit \u00a9\",\"potentialAction\":[{\"@type\":\"SearchAction\",\"target\":{\"@type\":\"EntryPoint\",\"urlTemplate\":\"http:\/\/umvblowerdoor.de\/?s={search_term_string}\"},\"query-input\":\"required name=search_term_string\"}],\"inLanguage\":\"de\"}]}<\/script>\n<!-- \/ Yoast SEO plugin. -->","yoast_head_json":{"title":"Kontakt - UMV BlowerDoor Messungen GmbH","robots":{"index":"index","follow":"follow","max-snippet":"max-snippet:-1","max-image-preview":"max-image-preview:large","max-video-preview":"max-video-preview:-1"},"canonical":"http:\/\/umvblowerdoor.de\/?page_id=25","og_locale":"de_DE","og_type":"article","og_title":"Kontakt - UMV BlowerDoor Messungen GmbH","og_description":"[vc_row row_type=&#8220;row_full_center_content&#8220; bg_position=&#8220;left top&#8220; bg_repeat=&#8220;no-repeat&#8220; row_text_color=&#8220;row_text_select&#8220; border_style=&#8220;solid&#8220; padding_top=&#8220;10&#8243;][vc_column width=&#8220;1\/2&#8243;][vc_column_text]Rufen Sie uns an, oder kontaktieren Sie uns \u00fcber das Kontakt-Formular. F\u00fcr Terminanfragen, ...","og_url":"http:\/\/umvblowerdoor.de\/?page_id=25","og_site_name":"UMV BlowerDoor Messungen GmbH","article_modified_time":"2023-03-26T22:40:18+00:00","twitter_card":"summary_large_image","twitter_misc":{"Est. reading time":"1\u00a0Minute"},"schema":{"@context":"https:\/\/schema.org","@graph":[{"@type":"WebPage","@id":"http:\/\/umvblowerdoor.de\/?page_id=25","url":"http:\/\/umvblowerdoor.de\/?page_id=25","name":"Kontakt - UMV BlowerDoor Messungen GmbH","isPartOf":{"@id":"http:\/\/umvblowerdoor.de\/#website"},"datePublished":"2015-02-05T10:22:10+00:00","dateModified":"2023-03-26T22:40:18+00:00","breadcrumb":{"@id":"http:\/\/umvblowerdoor.de\/?page_id=25#breadcrumb"},"inLanguage":"de","potentialAction":[{"@type":"ReadAction","target":["http:\/\/umvblowerdoor.de\/?page_id=25"]}]},{"@type":"BreadcrumbList","@id":"http:\/\/umvblowerdoor.de\/?page_id=25#breadcrumb","itemListElement":[{"@type":"ListItem","position":1,"name":"Home","item":"http:\/\/umvblowerdoor.de\/"},{"@type":"ListItem","position":2,"name":"Kontakt"}]},{"@type":"WebSite","@id":"http:\/\/umvblowerdoor.de\/#website","url":"http:\/\/umvblowerdoor.de\/","name":"UMV BlowerDoor Messungen GmbH","description":"Service mit Sicherheit \u00a9","potentialAction":[{"@type":"SearchAction","target":{"@type":"EntryPoint","urlTemplate":"http:\/\/umvblowerdoor.de\/?s={search_term_string}"},"query-input":"required name=search_term_string"}],"inLanguage":"de"}]}},"_links":{"self":[{"href":"http:\/\/umvblowerdoor.de\/index.php?rest_route=\/wp\/v2\/pages\/25"}],"collection":[{"href":"http:\/\/umvblowerdoor.de\/index.php?rest_route=\/wp\/v2\/pages"}],"about":[{"href":"http:\/\/umvblowerdoor.de\/index.php?rest_route=\/wp\/v2\/types\/page"}],"author":[{"embeddable":true,"href":"http:\/\/umvblowerdoor.de\/index.php?rest_route=\/wp\/v2\/users\/1"}],"replies":[{"embeddable":true,"href":"http:\/\/umvblowerdoor.de\/index.php?rest_route=%2Fwp%2Fv2%2Fcomments&post=25"}],"version-history":[{"count":27,"href":"http:\/\/umvblowerdoor.de\/index.php?rest_route=\/wp\/v2\/pages\/25\/revisions"}],"predecessor-version":[{"id":5127,"href":"http:\/\/umvblowerdoor.de\/index.php?rest_route=\/wp\/v2\/pages\/25\/revisions\/5127"}],"wp:attachment":[{"href":"http:\/\/umvblowerdoor.de\/index.php?rest_route=%2Fwp%2Fv2%2Fmedia&parent=25"}],"curies":[{"name":"wp","href":"https:\/\/api.w.org\/{rel}","templated":true}]}}