{"id":205,"date":"2015-02-07T13:15:02","date_gmt":"2015-02-07T13:15:02","guid":{"rendered":"http:\/\/demo.wpcharming.com\/construction\/?page_id=205"},"modified":"2017-10-15T17:09:56","modified_gmt":"2017-10-15T15:09:56","slug":"general-contracting","status":"publish","type":"page","link":"http:\/\/umvblowerdoor.de\/?page_id=205","title":{"rendered":"Wohn- u. Gesch\u00e4ftsh\u00e4user"},"content":{"rendered":"<section class=\"wpb-content-wrapper\"><p>[vc_row padding_top=&#8220;0&#8243; padding_bottom=&#8220;0&#8243;][vc_column][vc_single_image image=&#8220;98&#8243; img_size=&#8220;1000&#215;600&#8243;][vc_column_text]<\/p>\n\n<p>[\/vc_column_text][\/vc_column][\/vc_row][vc_row][vc_column width=&#8220;1\/2&#8243;][vc_column_text]<\/p>\n<h4>Wohn- und Gesch\u00e4ftsh\u00e4user<\/h4>\n<p>Ein Wohngeb\u00e4ude mit z.B. im Erdgeschoss integrierten Gewerbeeinheiten, kann nicht nur wegen seiner Gr\u00f6\u00dfe und der\u00a0komplexen Gestaltung, sondern auch wegen der zu beachtenden Regelwerke nach denen sich die Anforderungen an die Luftdichtheit richten, eine respektable Aufgabe sein.\u00a0Eine Luftdichtheitspr\u00fcfung eines kombinierten Wohn- und Gesch\u00e4ftshauses unterscheidet sich von der Messung eines reinen Wohngeb\u00e4udes. Sofern die EnEV keine Anforderungen stellt, darf bei Neubauten im Sinne der EnEV und bei Bestandsbauten, bei denen die komplette Geb\u00e4udeh\u00fclle im Sinne der Luftdichtheit saniert wurde, die gesamte Wohneinheit oder einzelne Wohneinheiten nach <strong>DIN EN 13829:2001-02<\/strong> einer Luftdichtheitspr\u00fcfung unterzogen werden. Die Besonderheit besteht darin, dass an die in ein Wohngeb\u00e4ude integrierten Gewerbeeinheiten meist andere Anforderungen an die Dichtheit gestellt werden. \u00a0Aus diesem Grund, werden Wohnbereiche separat von den Gewerbebereichen gepr\u00fcft. Mit unserer jahrelangen Erfahrung, sind wir auch f\u00fcr diese Zwecke ger\u00fcstet. Alle separat voneinander zu messenden Geb\u00e4udenutzeinheiten werden von uns in einzelne Zonen unterteilt und luftdicht voneinander abgeschirmt.[\/vc_column_text][vc_column_text]<\/p>\n<h4>Regelwerke<\/h4>\n<p>Je nachdem wonach die einzelnen Geb\u00e4udeabschnitte bilanziert werden, gelten folgende Regelwerke:<\/p>\n<p>EnEV-Energieeinsparverordnung<\/p>\n<ul>\n<li>DIN 4108-7:2011-01<\/li>\n<li>DIN-EN 13829<\/li>\n<li>DIN V 18599<br \/>\n<h4>[\/vc_column_text][vc_accordion][vc_accordion_tab title=&#8220;Was wird gemacht?&#8220;][vc_column_text]<\/h4>\n<p>Der Blower-Door Test ist ein Differenzdruck-Messverfahren, bei dem ermittelt wird, wie hoch die Wechselrate der Luft bei 50 Pascal Luftdruckdifferenz zwischen innen und au\u00dfen in einem Geb\u00e4ude, bei geschlossenen Fenstern und T\u00fcren, ist. Dabei wird ein eigens daf\u00fcr konstruierter Ventilator, der mit einer luftundurchl\u00e4ssigen Plane umgeben ist, in eine T\u00fcr\u00f6ffnung eingesetzt.[\/vc_column_text][\/vc_accordion_tab][vc_accordion_tab title=&#8220;Blower-Door-Test Schritt 1:&#8220;][vc_column_text]<\/p>\n<p>Der Ventilator erzeugt einen konstanten Unterdruck im ganzen Geb\u00e4ude, indem die Maschine Luft aus dem Haus saugt. Jetzt k\u00f6nnen wir alle undichten Bereiche mittels Luftgeschwindigkeitsmessger\u00e4t, k\u00fcnstlichem Rauch oder einer Infrarotkamera ermitteln und dokumentieren.<\/p>\n<p>[\/vc_column_text][\/vc_accordion_tab][vc_accordion_tab title=&#8220;BlowerDoor Test Schritt 2:&#8220;][vc_column_text]<\/p>\n<p>\u00dcber den Ventilator wird der Unterdruck schrittweise aufgebaut. Dabei wird gemessen, wie schnell die Luft durch m\u00f6gliche Leckagen in das Haus dringt.\u00a0Hierbei sprechen wir von der so genannten Luftwechselrate.<\/p>\n<p>[\/vc_column_text][\/vc_accordion_tab][vc_accordion_tab title=&#8220;BlowerDoor Test Schritt 3:&#8220;][vc_column_text]<\/p>\n<p>\u00dcber den Ventilator wird jetzt Luft in das Geb\u00e4ude hineingeblasen. Dadurch entsteht ein \u00dcberdruck. Auch hier wird die Luftwechselrate schrittweise gemessen und vom Messsystem aufgezeichnet.<\/p>\n<p>Nach der abgeschlossenen Messung resultiert\u00a0hieraus\u00a0eine durchschnittliche Luftwechselrate pro Stunde. \u00dcber die nun ermittelte Luftwechselrate, k\u00f6nnen wir die Gesamtleckage der Geb\u00e4udeh\u00fclle absch\u00e4tzen.<\/p>\n<p>[\/vc_column_text][\/vc_accordion_tab][\/vc_accordion][vc_custom_heading text=&#8220;Unserer Pr\u00fcfzertifikat ist auch f\u00fcr einen Laien gut verst\u00e4ndlich!&#8220; font_container=&#8220;tag:h2|text_align:center&#8220; google_fonts=&#8220;font_family:Hind%3A300%2Cregular%2C500%2C600%2C700|font_style:400%20regular%3A400%3Anormal&#8220;][vc_single_image image=&#8220;4053&#8243; img_size=&#8220;full&#8220; css_animation=&#8220;appear&#8220;][\/vc_column][vc_column width=&#8220;1\/2&#8243;][vc_column_text]<\/li>\n<\/ul>\n<h4>Welche Vorbereitungen sind n\u00f6tig?<\/h4>\n<p>Vor jedem Test m\u00fcssen Sie uns mitteilen,\u00a0\u00a0wonach Ihr\u00a0Objekt\u00a0bilanziert wurde und welche Anforderungen an die Dichtheit des gesamten Geb\u00e4ude oder der Geb\u00e4udeteile gestellt werden. Vor dem Test werden Angaben \u00fcber die Bezugsgr\u00f6\u00dfen des Hauses ben\u00f6tigt.\u00a0Stellen Sie uns daher noch beim Vorgespr\u00e4ch den Energieausweis, Pl\u00e4ne oder Bauzeichnungen des zu untersuchenden\u00a0Objektes zur Verf\u00fcgung. Aus diesen Unterlagen, ermitteln wir die Netto-Grundfl\u00e4che und das Luftvolumen des Geb\u00e4udes.<\/p>\n<p>Am Tag der Luftdichtheitspr\u00fcfung werden alle \u00d6ffnungen wie zum Beispiel Abfl\u00fcsse ohne Siphon, Leerrohre, Boden\u00f6ffnungen, Kamin\u00f6ffnungen, Wanddurchf\u00fchrungen usw. von unserem Techniker\u00a0tempor\u00e4r verschlossen. Bei gro\u00dfen Geb\u00e4uden mit raumlufttechnischen Anlagen oder Aufzugssch\u00e4chten mit Entl\u00fcftung gestaltet sich die Abdichtung dieser tempor\u00e4ren \u00d6ffnungen\u00a0nicht immer einfach,\u00a0da sich diese meist\u00a0in gro\u00dfen H\u00f6hen oder an nicht immer leicht zug\u00e4nglichen Stellen befinden. Aus diesem Grund, sollte unser\u00a0Auftraggeber alle die f\u00fcr uns schwer zug\u00e4nglichen\u00a0Lufteintrittstellen vor dem Messtermin luftdicht verschlie\u00dfen.[\/vc_column_text][vc_column_text]<\/p>\n<h4>Vorteile eines nahezu dichtem Hauses<\/h4>\n<ul>\n<li><strong>Vermeidung von Schimmel und Bausch\u00e4den<\/strong><br \/>\nUndichte Stellen in der Geb\u00e4udeh\u00fclle f\u00f6rdern die Entstehung von Kondenswasser, die Durchfeuchtung von D\u00e4mmschichten und somit Bildung von Feuchtesch\u00e4den und Schimmel.<\/li>\n<li><strong>Vermeidung von W\u00e4rmeverlusten<\/strong><br \/>\nDurch undichte Stellen in der Geb\u00e4udeh\u00fclle gelangt Heizenergie ungenutzt in die Umwelt. Ist das Geb\u00e4ude dicht, bleibt die W\u00e4rme im Haus \u2013 das reduziert die j\u00e4hrlichen Heizkosten erheblich.<\/li>\n<li><strong>Vermeidung von Zugluft<\/strong><br \/>\nUndichte Stellen in der Geb\u00e4udeh\u00fclle sorgen f\u00fcr die Einschr\u00e4nkung des Wohnkomforts.<\/li>\n<\/ul>\n<p>[\/vc_column_text][vc_column_text]<\/p>\n<h4>Erl\u00e4uterung der Grenzwerte<\/h4>\n<p>Bei einer BlowerDoor Messung nach DIN EN 13829 f\u00fcr die Energieeinsparverordnung (EnEV) d\u00fcrfen folgende Werte der Luftwechselrate bei 50 Pascal \u00a0nicht \u00fcberschritten werden:<\/p>\n<pre><span style=\"color: #008000; font-family: tahoma, arial, helvetica, sans-serif;\"><span style=\"color: #000000;\">Wohngeb\u00e4ude oder Wohneinheiten <strong>Ohne <\/strong>Raumlufttechnische Anlagen: <\/span>\r\n\u2192\u00a0n50 Wert: <strong>\u2264 3,0\u00a0<strong>(1\/h)<\/strong><\/strong><\/span><\/pre>\n<pre><span style=\"color: #008000; font-family: tahoma, arial, helvetica, sans-serif;\"><span style=\"color: #000000;\">Wohngeb\u00e4ude oder Wohneinheiten <strong>mit <\/strong>Raumlufttechnischen Anlagen:<\/span>\r\n\u2192 n50 Wert: <strong>\u2264 1,5 (1\/h)<\/strong><\/span><\/pre>\n<p>Geb\u00e4udeteile mit integrierten Gewerbeeinheiten werden nach \u00a0DIN V 18599 gepr\u00fcft und bei\u00a0diesen Geb\u00e4udeabschnitten darf folgender Wert der Luftwechselrate bei 50 Pascal nicht \u00fcberschritten werden:<\/p>\n<pre><span style=\"color: #008000; font-family: tahoma, arial, helvetica, sans-serif;\"><span style=\"color: #000000;\">Gewerbeeinheiten in kombinierten Wohn- und Gesch\u00e4ftsh\u00e4usern: <\/span>\r\n\u2192\u00a0n50 Wert: <strong>\u2264 1,0\u00a0<strong>(1\/h)<\/strong><\/strong><\/span><\/pre>\n<p>[\/vc_column_text][\/vc_column][\/vc_row][vc_row][vc_column][vc_column_text]<\/p>\n<h4>[vc_column width=&#8220;1\/1&#8243;]\n\t<div class=\"custom-heading wpb_content_element \">\n\t\t<h2 class=\"heading-title\" >Wir freuen uns auf Ihre Anfrage!<\/h2>\n\t\t<span class=\"heading-line primary\"><\/span>\n\t<\/div><\/h4>\n<p>[\/vc_column_text][vc_single_image image=&#8220;3329&#8243; img_size=&#8220;large&#8220; alignment=&#8220;right&#8220; css_animation=&#8220;right-to-left&#8220;][\/vc_column][\/vc_row]<\/p>\n<\/section>","protected":false},"excerpt":{"rendered":"<p>Wohnh\u00e4user mit integrierten Gewerbenutzfl\u00e4chen stellen nicht nur wegen ihrer Gr\u00f6\u00dfe, sondern auch wegen ihrer meist komplexen Gestaltung eine besondere Herausforderung dar. Basierend auf die jahrelange Erfahrung und das Fachwissen unserer Messtechniker, bieten wir Ihnen auch daf\u00fcr fachgem\u00e4\u00dfe, flexible und termintreue L\u00f6sungen. <\/p>\n","protected":false},"author":1,"featured_media":2335,"parent":17,"menu_order":0,"comment_status":"open","ping_status":"open","template":"","meta":[],"yoast_head":"<!-- This site is optimized with the Yoast SEO plugin v21.1 - https:\/\/yoast.com\/wordpress\/plugins\/seo\/ -->\n<title>Wohn- u. Gesch\u00e4ftsh\u00e4user - UMV BlowerDoor Messungen GmbH<\/title>\n<meta name=\"robots\" content=\"index, follow, max-snippet:-1, max-image-preview:large, max-video-preview:-1\" \/>\n<link rel=\"canonical\" href=\"http:\/\/umvblowerdoor.de\/?page_id=205\" \/>\n<meta property=\"og:locale\" content=\"de_DE\" \/>\n<meta property=\"og:type\" content=\"article\" \/>\n<meta property=\"og:title\" content=\"Wohn- u. Gesch\u00e4ftsh\u00e4user - UMV BlowerDoor Messungen GmbH\" \/>\n<meta property=\"og:description\" content=\"Wohnh\u00e4user mit integrierten Gewerbenutzfl\u00e4chen stellen nicht nur wegen ihrer Gr\u00f6\u00dfe, sondern auch wegen ihrer meist komplexen Gestaltung eine besondere Herausforderung dar. Basierend auf die jahrelange Erfahrung und das Fachwissen unserer Messtechniker, bieten wir Ihnen auch daf\u00fcr fachgem\u00e4\u00dfe, flexible und termintreue L\u00f6sungen.\" \/>\n<meta property=\"og:url\" content=\"http:\/\/umvblowerdoor.de\/?page_id=205\" \/>\n<meta property=\"og:site_name\" content=\"UMV BlowerDoor Messungen GmbH\" \/>\n<meta property=\"article:modified_time\" content=\"2017-10-15T15:09:56+00:00\" \/>\n<meta property=\"og:image\" content=\"http:\/\/umvblowerdoor.de\/wp-content\/uploads\/2015\/02\/Kombinierte-Wohn-und-Gesch\u00e4ftsh\u00e4user-Titelbild-e1468761616961.jpg\" \/>\n\t<meta property=\"og:image:width\" content=\"2126\" \/>\n\t<meta property=\"og:image:height\" content=\"1174\" \/>\n\t<meta property=\"og:image:type\" content=\"image\/jpeg\" \/>\n<meta name=\"twitter:card\" content=\"summary_large_image\" \/>\n<meta name=\"twitter:label1\" content=\"Gesch\u00e4tzte Lesezeit\" \/>\n\t<meta name=\"twitter:data1\" content=\"5\u00a0Minuten\" \/>\n<script type=\"application\/ld+json\" class=\"yoast-schema-graph\">{\"@context\":\"https:\/\/schema.org\",\"@graph\":[{\"@type\":\"WebPage\",\"@id\":\"http:\/\/umvblowerdoor.de\/?page_id=205\",\"url\":\"http:\/\/umvblowerdoor.de\/?page_id=205\",\"name\":\"Wohn- u. Gesch\u00e4ftsh\u00e4user - UMV BlowerDoor Messungen GmbH\",\"isPartOf\":{\"@id\":\"http:\/\/umvblowerdoor.de\/#website\"},\"datePublished\":\"2015-02-07T13:15:02+00:00\",\"dateModified\":\"2017-10-15T15:09:56+00:00\",\"breadcrumb\":{\"@id\":\"http:\/\/umvblowerdoor.de\/?page_id=205#breadcrumb\"},\"inLanguage\":\"de\",\"potentialAction\":[{\"@type\":\"ReadAction\",\"target\":[\"http:\/\/umvblowerdoor.de\/?page_id=205\"]}]},{\"@type\":\"BreadcrumbList\",\"@id\":\"http:\/\/umvblowerdoor.de\/?page_id=205#breadcrumb\",\"itemListElement\":[{\"@type\":\"ListItem\",\"position\":1,\"name\":\"Startseite\",\"item\":\"http:\/\/umvblowerdoor.de\/\"},{\"@type\":\"ListItem\",\"position\":2,\"name\":\"Unser Einsatzbereich\",\"item\":\"http:\/\/umvblowerdoor.de\/?page_id=17\"},{\"@type\":\"ListItem\",\"position\":3,\"name\":\"Wohn- u. Gesch\u00e4ftsh\u00e4user\"}]},{\"@type\":\"WebSite\",\"@id\":\"http:\/\/umvblowerdoor.de\/#website\",\"url\":\"http:\/\/umvblowerdoor.de\/\",\"name\":\"UMV BlowerDoor Messungen GmbH\",\"description\":\"Service mit Sicherheit \u00a9\",\"potentialAction\":[{\"@type\":\"SearchAction\",\"target\":{\"@type\":\"EntryPoint\",\"urlTemplate\":\"http:\/\/umvblowerdoor.de\/?s={search_term_string}\"},\"query-input\":\"required name=search_term_string\"}],\"inLanguage\":\"de\"}]}<\/script>\n<!-- \/ Yoast SEO plugin. -->","yoast_head_json":{"title":"Wohn- u. Gesch\u00e4ftsh\u00e4user - UMV BlowerDoor Messungen GmbH","robots":{"index":"index","follow":"follow","max-snippet":"max-snippet:-1","max-image-preview":"max-image-preview:large","max-video-preview":"max-video-preview:-1"},"canonical":"http:\/\/umvblowerdoor.de\/?page_id=205","og_locale":"de_DE","og_type":"article","og_title":"Wohn- u. Gesch\u00e4ftsh\u00e4user - UMV BlowerDoor Messungen GmbH","og_description":"Wohnh\u00e4user mit integrierten Gewerbenutzfl\u00e4chen stellen nicht nur wegen ihrer Gr\u00f6\u00dfe, sondern auch wegen ihrer meist komplexen Gestaltung eine besondere Herausforderung dar. Basierend auf die jahrelange Erfahrung und das Fachwissen unserer Messtechniker, bieten wir Ihnen auch daf\u00fcr fachgem\u00e4\u00dfe, flexible und termintreue L\u00f6sungen.","og_url":"http:\/\/umvblowerdoor.de\/?page_id=205","og_site_name":"UMV BlowerDoor Messungen GmbH","article_modified_time":"2017-10-15T15:09:56+00:00","og_image":[{"width":2126,"height":1174,"url":"http:\/\/umvblowerdoor.de\/wp-content\/uploads\/2015\/02\/Kombinierte-Wohn-und-Gesch\u00e4ftsh\u00e4user-Titelbild-e1468761616961.jpg","type":"image\/jpeg"}],"twitter_card":"summary_large_image","twitter_misc":{"Gesch\u00e4tzte Lesezeit":"5\u00a0Minuten"},"schema":{"@context":"https:\/\/schema.org","@graph":[{"@type":"WebPage","@id":"http:\/\/umvblowerdoor.de\/?page_id=205","url":"http:\/\/umvblowerdoor.de\/?page_id=205","name":"Wohn- u. Gesch\u00e4ftsh\u00e4user - UMV BlowerDoor Messungen GmbH","isPartOf":{"@id":"http:\/\/umvblowerdoor.de\/#website"},"datePublished":"2015-02-07T13:15:02+00:00","dateModified":"2017-10-15T15:09:56+00:00","breadcrumb":{"@id":"http:\/\/umvblowerdoor.de\/?page_id=205#breadcrumb"},"inLanguage":"de","potentialAction":[{"@type":"ReadAction","target":["http:\/\/umvblowerdoor.de\/?page_id=205"]}]},{"@type":"BreadcrumbList","@id":"http:\/\/umvblowerdoor.de\/?page_id=205#breadcrumb","itemListElement":[{"@type":"ListItem","position":1,"name":"Startseite","item":"http:\/\/umvblowerdoor.de\/"},{"@type":"ListItem","position":2,"name":"Unser Einsatzbereich","item":"http:\/\/umvblowerdoor.de\/?page_id=17"},{"@type":"ListItem","position":3,"name":"Wohn- u. Gesch\u00e4ftsh\u00e4user"}]},{"@type":"WebSite","@id":"http:\/\/umvblowerdoor.de\/#website","url":"http:\/\/umvblowerdoor.de\/","name":"UMV BlowerDoor Messungen GmbH","description":"Service mit Sicherheit \u00a9","potentialAction":[{"@type":"SearchAction","target":{"@type":"EntryPoint","urlTemplate":"http:\/\/umvblowerdoor.de\/?s={search_term_string}"},"query-input":"required name=search_term_string"}],"inLanguage":"de"}]}},"_links":{"self":[{"href":"http:\/\/umvblowerdoor.de\/index.php?rest_route=\/wp\/v2\/pages\/205"}],"collection":[{"href":"http:\/\/umvblowerdoor.de\/index.php?rest_route=\/wp\/v2\/pages"}],"about":[{"href":"http:\/\/umvblowerdoor.de\/index.php?rest_route=\/wp\/v2\/types\/page"}],"author":[{"embeddable":true,"href":"http:\/\/umvblowerdoor.de\/index.php?rest_route=\/wp\/v2\/users\/1"}],"replies":[{"embeddable":true,"href":"http:\/\/umvblowerdoor.de\/index.php?rest_route=%2Fwp%2Fv2%2Fcomments&post=205"}],"version-history":[{"count":29,"href":"http:\/\/umvblowerdoor.de\/index.php?rest_route=\/wp\/v2\/pages\/205\/revisions"}],"predecessor-version":[{"id":2137,"href":"http:\/\/umvblowerdoor.de\/index.php?rest_route=\/wp\/v2\/pages\/205\/revisions\/2137"}],"up":[{"embeddable":true,"href":"http:\/\/umvblowerdoor.de\/index.php?rest_route=\/wp\/v2\/pages\/17"}],"wp:featuredmedia":[{"embeddable":true,"href":"http:\/\/umvblowerdoor.de\/index.php?rest_route=\/wp\/v2\/media\/2335"}],"wp:attachment":[{"href":"http:\/\/umvblowerdoor.de\/index.php?rest_route=%2Fwp%2Fv2%2Fmedia&parent=205"}],"curies":[{"name":"wp","href":"https:\/\/api.w.org\/{rel}","templated":true}]}}