{"id":1673,"date":"2015-02-05T10:21:41","date_gmt":"2015-02-05T10:21:41","guid":{"rendered":"http:\/\/demo.wpcharming.com\/construction\/?page_id=21"},"modified":"2023-03-26T22:35:47","modified_gmt":"2023-03-26T20:35:47","slug":"das-grundprinzip","status":"publish","type":"page","link":"http:\/\/umvblowerdoor.de\/?page_id=1673","title":{"rendered":"<span class=\"dashicons dashicons-admin-tools\"><\/span>Das Grundprinzip"},"content":{"rendered":"<section class=\"wpb-content-wrapper\">\t\t<div data-elementor-type=\"wp-page\" data-elementor-id=\"1673\" class=\"elementor elementor-1673\">\n\t\t\t\t\t\t<div class=\"elementor-inner\">\n\t\t\t\t<div class=\"elementor-section-wrap\">\n\t\t\t\t\t\t\t\t\t<section class=\"elementor-section elementor-top-section elementor-element elementor-element-7eda04b elementor-section-boxed elementor-section-height-default elementor-section-height-default\" data-id=\"7eda04b\" data-element_type=\"section\">\n\t\t\t\t\t\t<div class=\"elementor-container elementor-column-gap-default\">\n\t\t\t\t\t\t\t<div class=\"elementor-row\">\n\t\t\t\t\t<div class=\"elementor-column elementor-col-100 elementor-top-column elementor-element elementor-element-28a9899e\" data-id=\"28a9899e\" data-element_type=\"column\">\n\t\t\t<div class=\"elementor-column-wrap elementor-element-populated\">\n\t\t\t\t\t\t\t<div class=\"elementor-widget-wrap\">\n\t\t\t\t\t\t<div class=\"elementor-element elementor-element-578276c8 elementor-widget elementor-widget-text-editor\" data-id=\"578276c8\" data-element_type=\"widget\" data-widget_type=\"text-editor.default\">\n\t\t\t\t<div class=\"elementor-widget-container\">\n\t\t\t\t\t\t\t\t<div class=\"elementor-text-editor elementor-clearfix\">\n\t\t\t\t[vc_row padding_top=&#8220;10&#8243; padding_bottom=&#8220;10&#8243;][vc_column width=&#8220;1\/2&#8243;]\n\t<div class=\"wpb_content_element featured-box \" >\n\t\t\t<div class=\"featured-box-thumb\">\n\t\t\t\t\t<a class=\"popup-video\" href=\"http:\/\/www.umvblowerdoor.de\/wp-content\/uploads\/2015\/02\/Teaser.mp4\">\n\t\t\t\t\t\t<img decoding=\"async\" src=\"http:\/\/umvblowerdoor.de\/wp-content\/uploads\/2015\/02\/Member1-600x300.jpg\">\n\t\t\t\t\t\t<span class=\"video_icon\"><i class=\"fa fa-play\"><\/i><\/span>\n\t\t\t\t\t<\/a>\n\t\t\t<\/div>\n\t<\/div>\n\t<div class=\"custom-heading wpb_content_element  heading-medium\">\n\t\t<h2 class=\"heading-title\" >INTRO VIDEO \u2192 DER BLOWER-DOOR TEST<\/h2>\n\t\t<span class=\"heading-line primary\"><\/span>\n\t<\/div>[vc_column_text]In unserem Introvideo haben wir den wesentlichen Grundablauf des Test visuell f\u00fcr Sie zusammengefasst. Neben dem Einsatz des BlowerDoor Messsystems wird in diesen Clip die Anwendung unserer Ger\u00e4te zur Leckageortung veranschaulicht.\n\nAlle drei im Video angewandten Methoden sind sehr effektiv, wenn es darum geht Lufteintrittstellen zu lokalisieren. Dennoch entscheidet es sich von Fall zu Fall, welches Ger\u00e4t am Einsatzort verwendet werden muss. Die Anwendung einer W\u00e4rmebildkamera zur Lokalisierung von Luftleckagen, kann zum Beispiel im Sommer nur bedingt verwendet werden. Die Zuf\u00fchrung des k\u00fcnstlichem Rauches bringt den Vorteil mit sich, dass auch die unzug\u00e4nglichen Bereiche eines Geb\u00e4udes auf die Luftdichtheit gepr\u00fcft werden k\u00f6nnen. Aber das am weitesten verbreitete Verfahren ist die Anwendung eines Luftgeschwindigkeitsmessger\u00e4tes (Anemometer). Dessen Messkopf wird an die Stelle gehalten, an der eine Luftbewegung vermutet wird und sofort wird uns angezeigt, wieviel Meter pro Sekunde durch die potenzielle Schwachstelle durchstr\u00f6men.[\/vc_column_text][vc_single_image image=&#8220;1979&#8243; img_size=&#8220;full&#8220; alignment=&#8220;center&#8220; onclick=&#8220;zoom&#8220;][\/vc_column][vc_column width=&#8220;1\/2&#8243;][vc_single_image image=&#8220;3393&#8243; img_size=&#8220;medium-thumb&#8220;]\n\t<div class=\"custom-heading wpb_content_element  heading-medium\">\n\t\t<h2 class=\"heading-title\" >WIESO EIN BLOWER-DOOR TEST?<\/h2>\n\t\t<span class=\"heading-line primary\"><\/span>\n\t<\/div>[vc_column_text]\n\nEine generelle Verpflichtung in neugebauten H\u00e4usern einen BlowerDoor Test durchzuf\u00fchren, gibt es nicht. Dennoch ist ein BlowerDoor Test sehr empfehlenswert, um zum Beispiel die energetische Qualit\u00e4t des Geb\u00e4udes und damit die korrekte Ausf\u00fchrung der handwerklichen Bauma\u00dfnahmen zu beurteilen. Jedes nach heutigem Standard erbaute Geb\u00e4ude sollte eine geplante, l\u00fcckenlose, dichtende Ebene zwischen Innen- und Au\u00dfenbereich aufweisen. Dies wird mit zunehmenden D\u00e4mmstoffst\u00e4rken immer wichtiger, da der W\u00e4rmedurchgang \u00fcber Transmission durch gut ged\u00e4mmte Bauteile zwar sehr gering ist, aber seine Effizienz verliert, wenn ein gro\u00dfer Teil der zugef\u00fchrten Energie durch Konvektion \u00fcber Leckagen verlorengeht. Die Leckageortung im Rohbauzustand mit Hilfe eines im Geb\u00e4ude erzeugten Unter,-\u00dcberdruckes l\u00e4sst Leckagen erkennen. Diese k\u00f6nnen ohne gro\u00dfen Aufwand vor dem Einbau der&nbsp;Beplankungen behoben werden. Es l\u00e4sst sich somit nachhaltig Energie einsparen und die Gefahr von Bausch\u00e4den und Herabsetzung der D\u00e4mmwirkung durch Kondensatbildung in den D\u00e4mmstoffen w\u00e4hrend der Winterperiode reduzieren.\n\nIm Zuge der Planung einer L\u00fcftungsanlage oder falls F\u00f6rdermittel beantragt werden, (z.B.&nbsp;<strong>KFW-F\u00f6rderung<\/strong>) ist ein BD-Test als Nachweis der Luftdichtheit jedoch Pflicht. Denn damit ein L\u00fcftungssystem einwandfrei und effizient funktionieren kann, bestehen erh\u00f6hte Anforderungen an die Luftdichtheit. Allgemein sollte das Ziel eines jeden Bauvorhabens sein, eine optimale Wohnbehaglichkeit zu erreichen und die daf\u00fcr eingesetzte Energie zu minimieren. Dazu ist es notwendig, eine relativ luftdichte Au\u00dfenh\u00fclle an jedem Geb\u00e4ude zu schaffen. In der deutschen <a title=\"DIN 4108\" href=\"https:\/\/de.wikipedia.org\/wiki\/DIN_4108\">DIN 4108<\/a>, Teil 7 etwa wird der \u201eEinbau einer luftundurchl\u00e4ssigen Schicht \u00fcber die gesamte Fl\u00e4che\u201c gefordert. Die DIN setzt verbindliche Grenzwerte f\u00fcr die Luftwechselrate <strong>n50<\/strong> fest, somit hat ein neues Geb\u00e4ude den Anspruch auf eine gewisse Luftdichtigkeit, welche durch die Differenzdruckmessung nachgewiesen werden kann.\n\nDar\u00fcberhinaus&nbsp;eignet sich ein BlowerDoor Test auch, um den Ist-Zustand eines Altbaus zu beurteilen oder um energetische Sanierungsma\u00dfnahmen zu pr\u00fcfen.\n\n[\/vc_column_text][\/vc_column][\/vc_row][vc_row padding_bottom=&#8220;0&#8243;][vc_column]\n\t<div class=\"custom-heading wpb_content_element  heading-medium\" style=\"margin-bottom: -10px;\">\n\t\t<h2 class=\"heading-title\" >Das Grundprinzip<\/h2>\n\t\t<span class=\"heading-line primary\"><\/span>\n\t<\/div>[\/vc_column][\/vc_row][vc_column][vc_single_image image=&#8220;98&#8243; img_size=&#8220;1000&#215;600&#8243;][vc_column_text]\n\n\n        <style type='text\/css'>\n            #gallery-1 .gallery-item {\n                float: left;\n                text-align: center;\n                width: 20%;\n                margin-bottom:0;\n            }\n            #gallery-1 img {\n            }\n            #gallery-1 .gallery-caption {\n                margin-left: 0;\n            }\n        <\/style>\n\t\t<div id='gallery-1' class='gallery  gallery-columns-5 gallery-size-medium-thumb gallery-lightbox'><dl class='gallery-item'>\n            <dt class='gallery-icon'>\n                <a href='http:\/\/umvblowerdoor.de\/wp-content\/uploads\/2015\/02\/IMG_0186-scaled.jpg'><img width=\"600\" height=\"300\" src=\"http:\/\/umvblowerdoor.de\/wp-content\/uploads\/2015\/02\/IMG_0186-600x300.jpg\" class=\"attachment-medium-thumb size-medium-thumb\" alt=\"\" decoding=\"async\" loading=\"lazy\" srcset=\"http:\/\/umvblowerdoor.de\/wp-content\/uploads\/2015\/02\/IMG_0186-600x300.jpg 600w, http:\/\/umvblowerdoor.de\/wp-content\/uploads\/2015\/02\/IMG_0186-400x200.jpg 400w, http:\/\/umvblowerdoor.de\/wp-content\/uploads\/2015\/02\/IMG_0186-800x400.jpg 800w\" sizes=\"(max-width: 600px) 100vw, 600px\" \/><\/a>\n            <\/dt><\/dl><dl class='gallery-item'>\n            <dt class='gallery-icon'>\n                <a href='http:\/\/umvblowerdoor.de\/wp-content\/uploads\/2015\/02\/B\u00e4lle-scaled.jpg'><img width=\"600\" height=\"300\" src=\"http:\/\/umvblowerdoor.de\/wp-content\/uploads\/2015\/02\/B\u00e4lle-600x300.jpg\" class=\"attachment-medium-thumb size-medium-thumb\" alt=\"\" decoding=\"async\" loading=\"lazy\" srcset=\"http:\/\/umvblowerdoor.de\/wp-content\/uploads\/2015\/02\/B\u00e4lle-600x300.jpg 600w, http:\/\/umvblowerdoor.de\/wp-content\/uploads\/2015\/02\/B\u00e4lle-400x200.jpg 400w, http:\/\/umvblowerdoor.de\/wp-content\/uploads\/2015\/02\/B\u00e4lle-800x400.jpg 800w\" sizes=\"(max-width: 600px) 100vw, 600px\" \/><\/a>\n            <\/dt><\/dl><dl class='gallery-item'>\n            <dt class='gallery-icon'>\n                <a href='http:\/\/umvblowerdoor.de\/wp-content\/uploads\/2015\/02\/DSC02814-scaled.jpg'><img width=\"600\" height=\"300\" src=\"http:\/\/umvblowerdoor.de\/wp-content\/uploads\/2015\/02\/DSC02814-600x300.jpg\" class=\"attachment-medium-thumb size-medium-thumb\" alt=\"\" decoding=\"async\" loading=\"lazy\" srcset=\"http:\/\/umvblowerdoor.de\/wp-content\/uploads\/2015\/02\/DSC02814-600x300.jpg 600w, http:\/\/umvblowerdoor.de\/wp-content\/uploads\/2015\/02\/DSC02814-400x200.jpg 400w, http:\/\/umvblowerdoor.de\/wp-content\/uploads\/2015\/02\/DSC02814-800x400.jpg 800w\" sizes=\"(max-width: 600px) 100vw, 600px\" \/><\/a>\n            <\/dt><\/dl><dl class='gallery-item'>\n            <dt class='gallery-icon'>\n                <a href='http:\/\/umvblowerdoor.de\/wp-content\/uploads\/2015\/02\/Leckage-scaled.jpg'><img width=\"600\" height=\"300\" src=\"http:\/\/umvblowerdoor.de\/wp-content\/uploads\/2015\/02\/Leckage-600x300.jpg\" class=\"attachment-medium-thumb size-medium-thumb\" alt=\"\" decoding=\"async\" loading=\"lazy\" srcset=\"http:\/\/umvblowerdoor.de\/wp-content\/uploads\/2015\/02\/Leckage-600x300.jpg 600w, http:\/\/umvblowerdoor.de\/wp-content\/uploads\/2015\/02\/Leckage-400x200.jpg 400w, http:\/\/umvblowerdoor.de\/wp-content\/uploads\/2015\/02\/Leckage-800x400.jpg 800w\" sizes=\"(max-width: 600px) 100vw, 600px\" \/><\/a>\n            <\/dt><\/dl>\n            <div class=\"clear\"><\/div>\n        <\/div>\n\n\n[\/vc_column_text][vc_column_text]\n<h4>Luftdichte Geb\u00e4udeh\u00fclle, Wohnkomfort &amp; Bauschadenvermeidung<\/h4>\nOft h\u00f6rt man, dass Geb\u00e4ude atmen m\u00fcssen und ein zu dichtes Haus einer Plastikt\u00fcte gleicht. Doch diese Behauptungen sind in der Regel falsch. Zweifelsohne muss ein Wohngeb\u00e4ude ausreichend gel\u00fcftet werden, dies sollte jedoch nicht durch eine undichte Geb\u00e4udeh\u00fclle, sondern \u00fcber ein ausgeglichenes L\u00fcftungsverhalten z.B. durch das \u00d6ffnen von Fenster und T\u00fcren oder mit Hilfe einer L\u00fcftungsanlage geschehen.\n\nNach der Herstellung einer luftdichten Geb\u00e4udeh\u00fclle, unteranderem durch eine Fachgerechte Verwendung von diffusionsoffenen Kunststofffolien, werden Feuchtesch\u00e4den im Wand- und besonders dem Dachbereich vermieden.[\/vc_column_text][\/vc_column][vc_row][vc_column width=&#8220;1\/2&#8243;][vc_column_text]\n\n[\/vc_column_text][vc_accordion][vc_accordion_tab title=&#8220;Was wird gemacht?&#8220;][vc_column_text]\n\nDer BlowerDoor Test ist ein Differenzdruck-Messverfahren, bei dem ermittelt wird, wie hoch die Wechselrate der Luft bei 50 Pascal Luftdruckdifferenz zwischen innen und au\u00dfen in einem Geb\u00e4ude bei geschlossenen Fenstern und T\u00fcren ist. Dabei wird ein eigens daf\u00fcr konstruierter Ventilator, der mit einer luftundurchl\u00e4ssigen Plane umgeben ist, in eine T\u00fcr\u00f6ffnung eingesetzt.[\/vc_column_text][\/vc_accordion_tab][vc_accordion_tab title=&#8220;BlowerDoor Test Schritt 1:&#8220;][vc_column_text]\n\nDer Ventilator erzeugt einen konstanten Unterdruck im ganzen Geb\u00e4ude, indem die Maschine Luft aus dem Haus saugt. Jetzt k\u00f6nnen wir alle undichten Bereiche mittels Luftgeschwindigkeitsmessger\u00e4t, k\u00fcnstlichem Rauch oder einer Infrarotkamera ermitteln und dokumentieren.\n\n[\/vc_column_text][\/vc_accordion_tab][vc_accordion_tab title=&#8220;BlowerDoor Test Schritt 2:&#8220;][vc_column_text]\n\n\u00dcber den Ventilator wird der Unterdruck schrittweise aufgebaut. Dabei wird gemessen, wie schnell die Luft durch m\u00f6gliche Leckagen in das Haus dringt.&nbsp;Hierbei sprechen wir von der so genannten Luftwechselrate.\n\n[\/vc_column_text][\/vc_accordion_tab][vc_accordion_tab title=&#8220;BlowerDoor Test Schritt 3:&#8220;][vc_column_text]\u00dcber den Ventilator wird jetzt Luft in das Geb\u00e4ude hineingeblasen. Dadurch entsteht ein \u00dcberdruck. Auch hier wird die Luftwechselrate schrittweise gemessen und vom Messsystem aufgezeichnet.\n\n<span style=\"color: #008000;\">Nach der abgeschlossenen Messung resultiert sich eine durchschnittliche Luftwechselrate pro Stunde. \u00dcber die nun ermittelte Luftwechselrate, k\u00f6nnen wir die Gesamtleckage der Geb\u00e4udeh\u00fclle absch\u00e4tzen.<\/span>[\/vc_column_text][\/vc_accordion_tab][\/vc_accordion][vc_single_image image=&#8220;3624&#8243; img_size=&#8220;full&#8220;][\/vc_column][vc_column width=&#8220;1\/2&#8243;][vc_column_text]\n\n&nbsp;\n<h4>Welche Vorbereitungen sind n\u00f6tig?<\/h4>\nVor dem Test werden Angaben \u00fcber die Bezugsgr\u00f6\u00dfen des Hauses ben\u00f6tigt.&nbsp;Stellen Sie uns daher noch beim Vorgespr\u00e4ch den Energieausweis, Pl\u00e4ne oder Bauzeichnungen des zu untersuchenden&nbsp;Objektes zur Verf\u00fcgung. Aus diesen Unterlagen, ermitteln wir die Netto-Grundfl\u00e4che und das Luftvolumen des Geb\u00e4udes.\n\nAm Tag der Luftdichtheitspr\u00fcfung werden alle \u00d6ffnungen wie zum Beispiel Abfl\u00fcsse ohne Siphon, Leerrohre, Boden\u00f6ffnungen, Kamin\u00f6ffnungen, Wanddurchf\u00fchrungen usw. von unserem Techniker&nbsp;tempor\u00e4r verschlossen.[\/vc_column_text][vc_column_text]\n<h4>Vorteile eines nahezu dichtem Hauses<\/h4>\n<ul>\n \t<li><strong>Vermeidung von Schimmel und Bausch\u00e4den<\/strong>\nUndichte Stellen in der Geb\u00e4udeh\u00fclle f\u00f6rdern die Entstehung von Kondenswasser, die Durchfeuchtung von D\u00e4mmschichten und somit Bildung von Feuchtesch\u00e4den und Schimmel.<\/li>\n \t<li><strong>Vermeidung von W\u00e4rmeverlusten<\/strong>\nDurch undichte Stellen in der Geb\u00e4udeh\u00fclle gelangt Heizenergie ungenutzt in die Umwelt. Ist das Geb\u00e4ude dicht, bleibt die W\u00e4rme im Haus \u2013 das reduziert die j\u00e4hrlichen Heizkosten erheblich.<\/li>\n \t<li><strong>Vermeidung von Zugluft<\/strong>\nUndichte Stellen in der Geb\u00e4udeh\u00fclle sorgen f\u00fcr die Einschr\u00e4nkung des Wohnkomforts.<\/li>\n<\/ul>\n<p style=\"line-height: 17.85pt; margin: 0cm 0cm 15.0pt 0cm;\"><span style=\"font-size: 10.5pt; font-family: 'PT Sans'; color: #777777;\">[\/vc_column_text][vc_column_text]&nbsp;<\/span><\/p>\n\n<h4>Erl\u00e4uterung der Grenzwerte<\/h4>\nBei einer BlowerDoor Messung nach DIN EN 13829 f\u00fcr die Energieeinsparverordnung (EnEV) d\u00fcrfen folgende Werte der Luftwechselrate bei 50 Pascal nicht \u00fcberschritten werden:\n<pre><span style=\"color: #008000; font-family: tahoma, arial, helvetica, sans-serif;\"><span style=\"color: #000000;\">Geb\u00e4ude <strong>Ohne <\/strong>Raumlufttechnische Anlagen: <\/span>\n\u2192&nbsp;n50 Wert: <strong>\u2264 3,0&nbsp;<strong>(1\/h)<\/strong><\/strong><\/span><\/pre>\n<pre><span style=\"color: #008000; font-family: tahoma, arial, helvetica, sans-serif;\"><span style=\"color: #000000;\">Geb\u00e4ude <strong>mit <\/strong>Raumlufttechnischen Anlagen:<\/span>\n\u2192 n50 Wert: <strong>\u2264 1,5 (1\/h)<\/strong><\/span><\/pre>\n<div class=\"wpb_text_column wpb_content_element \">\n<div class=\"wpb_wrapper\">\n<pre><span style=\"font-family: tahoma, arial, helvetica, sans-serif;\"><span style=\"color: #000000;\">Das <strong>Passivhaus<\/strong>:<\/span>\n<span style=\"color: #008000;\">\u2192 n50 Wert: <strong>\u2264 0,6 (1\/h)<\/strong><\/span><\/span><\/pre>\n<\/div>\n<\/div>\n[\/vc_column_text][\/vc_column][\/vc_row][vc_row][vc_column][\/vc_column][\/vc_row]\t\t\t\t\t<\/div>\n\t\t\t\t\t\t<\/div>\n\t\t\t\t<\/div>\n\t\t\t\t\t\t<\/div>\n\t\t\t\t\t<\/div>\n\t\t<\/div>\n\t\t\t\t\t\t\t\t<\/div>\n\t\t\t\t\t<\/div>\n\t\t<\/section>\n\t\t\t\t<section class=\"elementor-section elementor-top-section elementor-element elementor-element-d2dec29 elementor-section-boxed elementor-section-height-default elementor-section-height-default\" data-id=\"d2dec29\" data-element_type=\"section\">\n\t\t\t\t\t\t<div class=\"elementor-container elementor-column-gap-default\">\n\t\t\t\t\t\t\t<div class=\"elementor-row\">\n\t\t\t\t\t<div class=\"elementor-column elementor-col-100 elementor-top-column elementor-element elementor-element-7c40bb0\" data-id=\"7c40bb0\" data-element_type=\"column\">\n\t\t\t<div class=\"elementor-column-wrap elementor-element-populated\">\n\t\t\t\t\t\t\t<div class=\"elementor-widget-wrap\">\n\t\t\t\t\t\t<div class=\"elementor-element elementor-element-be2890c elementor-widget elementor-widget-image\" data-id=\"be2890c\" data-element_type=\"widget\" data-widget_type=\"image.default\">\n\t\t\t\t<div class=\"elementor-widget-container\">\n\t\t\t\t\t\t\t\t<div class=\"elementor-image\">\n\t\t\t\t\t\t\t\t\t\t\t\t<img decoding=\"async\" width=\"800\" height=\"112\" src=\"http:\/\/umvblowerdoor.de\/wp-content\/uploads\/2017\/10\/UMV-BlowerDoor-Messungen-GmbH-Logo-2017-1024x143.png\" class=\"attachment-large size-large wp-image-3919\" alt=\"\" loading=\"lazy\" srcset=\"http:\/\/umvblowerdoor.de\/wp-content\/uploads\/2017\/10\/UMV-BlowerDoor-Messungen-GmbH-Logo-2017-1024x143.png 1024w, http:\/\/umvblowerdoor.de\/wp-content\/uploads\/2017\/10\/UMV-BlowerDoor-Messungen-GmbH-Logo-2017-350x49.png 350w, http:\/\/umvblowerdoor.de\/wp-content\/uploads\/2017\/10\/UMV-BlowerDoor-Messungen-GmbH-Logo-2017-300x42.png 300w, http:\/\/umvblowerdoor.de\/wp-content\/uploads\/2017\/10\/UMV-BlowerDoor-Messungen-GmbH-Logo-2017-768x107.png 768w, http:\/\/umvblowerdoor.de\/wp-content\/uploads\/2017\/10\/UMV-BlowerDoor-Messungen-GmbH-Logo-2017-600x84.png 600w, http:\/\/umvblowerdoor.de\/wp-content\/uploads\/2017\/10\/UMV-BlowerDoor-Messungen-GmbH-Logo-2017.png 1803w\" sizes=\"(max-width: 800px) 100vw, 800px\" \/>\t\t\t\t\t\t\t\t\t\t\t\t\t\t<\/div>\n\t\t\t\t\t\t<\/div>\n\t\t\t\t<\/div>\n\t\t\t\t\t\t<\/div>\n\t\t\t\t\t<\/div>\n\t\t<\/div>\n\t\t\t\t\t\t\t\t<\/div>\n\t\t\t\t\t<\/div>\n\t\t<\/section>\n\t\t\t\t<section class=\"elementor-section elementor-top-section elementor-element elementor-element-674efdd elementor-section-boxed elementor-section-height-default elementor-section-height-default\" data-id=\"674efdd\" data-element_type=\"section\">\n\t\t\t\t\t\t<div class=\"elementor-container elementor-column-gap-default\">\n\t\t\t\t\t\t\t<div class=\"elementor-row\">\n\t\t\t\t\t<div class=\"elementor-column elementor-col-100 elementor-top-column elementor-element elementor-element-66d6133\" data-id=\"66d6133\" data-element_type=\"column\">\n\t\t\t<div class=\"elementor-column-wrap elementor-element-populated\">\n\t\t\t\t\t\t\t<div class=\"elementor-widget-wrap\">\n\t\t\t\t\t\t<div class=\"elementor-element elementor-element-1b0aff8 elementor-widget elementor-widget-text-editor\" data-id=\"1b0aff8\" data-element_type=\"widget\" data-widget_type=\"text-editor.default\">\n\t\t\t\t<div class=\"elementor-widget-container\">\n\t\t\t\t\t\t\t\t<div class=\"elementor-text-editor elementor-clearfix\">\n\t\t\t\t<p>Ihr zuverl\u00e4ssiger Partner f\u00fcr Blower-Door Messungen, Leckageortungen, Thermografie. &#8211; Egal ob Einfamilienhaus, gro\u00dfe Geb\u00e4ude, Industrie oder Gewerbebauten.<br \/>Baden-W\u00fcrttemberg \u2022 \u00a0Bayern \u2022 \u00a0Berlin \u2022 Brandenburg \u2022 Bremen \u2022 Hamburg \u2022 Hessen \u2022 Mecklenburg-Vorpommern \u2022 Niedersachsen \u2022 Nordrhein-Westfalen \u2022 \u00a0Rheinland-Pfalz \u2022 Saarland \u2022 \u00a0Sachsen \u2022 Sachsen-Anhalt \u2022 Schleswig-Holstein \u2022 Th\u00fcringen \u2022<\/p>\t\t\t\t\t<\/div>\n\t\t\t\t\t\t<\/div>\n\t\t\t\t<\/div>\n\t\t\t\t\t\t<\/div>\n\t\t\t\t\t<\/div>\n\t\t<\/div>\n\t\t\t\t\t\t\t\t<\/div>\n\t\t\t\t\t<\/div>\n\t\t<\/section>\n\t\t\t\t\t\t\t\t\t<\/div>\n\t\t\t<\/div>\n\t\t\t\t\t<\/div>\n\t\t<\/section>","protected":false},"excerpt":{"rendered":"<p>[vc_row padding_top=&#8220;10&#8243; padding_bottom=&#8220;10&#8243;][vc_column width=&#8220;1\/2&#8243;][vc_column_text]In unserem Introvideo haben wir den wesentlichen Grundablauf des Test visuell f\u00fcr Sie zusammengefasst. Neben dem Einsatz des &#8230;<\/p>\n","protected":false},"author":1,"featured_media":0,"parent":0,"menu_order":0,"comment_status":"closed","ping_status":"open","template":"","meta":[],"yoast_head":"<!-- This site is optimized with the Yoast SEO plugin v21.1 - https:\/\/yoast.com\/wordpress\/plugins\/seo\/ -->\n<title>Das Grundprinzip - UMV BlowerDoor Messungen GmbH<\/title>\n<meta name=\"robots\" content=\"index, follow, max-snippet:-1, max-image-preview:large, max-video-preview:-1\" \/>\n<link rel=\"canonical\" href=\"http:\/\/umvblowerdoor.de\/?page_id=1673\" \/>\n<meta property=\"og:locale\" content=\"de_DE\" \/>\n<meta property=\"og:type\" content=\"article\" \/>\n<meta property=\"og:title\" content=\"Das Grundprinzip - UMV BlowerDoor Messungen GmbH\" \/>\n<meta property=\"og:description\" content=\"[vc_row padding_top=&#8220;10&#8243; padding_bottom=&#8220;10&#8243;][vc_column width=&#8220;1\/2&#8243;][vc_column_text]In unserem Introvideo haben wir den wesentlichen Grundablauf des Test visuell f\u00fcr Sie zusammengefasst. Neben dem Einsatz des ...\" \/>\n<meta property=\"og:url\" content=\"http:\/\/umvblowerdoor.de\/?page_id=1673\" \/>\n<meta property=\"og:site_name\" content=\"UMV BlowerDoor Messungen GmbH\" \/>\n<meta property=\"article:modified_time\" content=\"2023-03-26T20:35:47+00:00\" \/>\n<meta property=\"og:image\" content=\"http:\/\/umvblowerdoor.de\/wp-content\/uploads\/2015\/02\/IMG_0186-600x300.jpg\" \/>\n<meta name=\"twitter:card\" content=\"summary_large_image\" \/>\n<meta name=\"twitter:label1\" content=\"Gesch\u00e4tzte Lesezeit\" \/>\n\t<meta name=\"twitter:data1\" content=\"6\u00a0Minuten\" \/>\n<script type=\"application\/ld+json\" class=\"yoast-schema-graph\">{\"@context\":\"https:\/\/schema.org\",\"@graph\":[{\"@type\":\"WebPage\",\"@id\":\"http:\/\/umvblowerdoor.de\/?page_id=1673\",\"url\":\"http:\/\/umvblowerdoor.de\/?page_id=1673\",\"name\":\"Das Grundprinzip - UMV BlowerDoor Messungen GmbH\",\"isPartOf\":{\"@id\":\"http:\/\/umvblowerdoor.de\/#website\"},\"datePublished\":\"2015-02-05T10:21:41+00:00\",\"dateModified\":\"2023-03-26T20:35:47+00:00\",\"breadcrumb\":{\"@id\":\"http:\/\/umvblowerdoor.de\/?page_id=1673#breadcrumb\"},\"inLanguage\":\"de\",\"potentialAction\":[{\"@type\":\"ReadAction\",\"target\":[\"http:\/\/umvblowerdoor.de\/?page_id=1673\"]}]},{\"@type\":\"BreadcrumbList\",\"@id\":\"http:\/\/umvblowerdoor.de\/?page_id=1673#breadcrumb\",\"itemListElement\":[{\"@type\":\"ListItem\",\"position\":1,\"name\":\"Startseite\",\"item\":\"http:\/\/umvblowerdoor.de\/\"},{\"@type\":\"ListItem\",\"position\":2,\"name\":\"Das Grundprinzip\"}]},{\"@type\":\"WebSite\",\"@id\":\"http:\/\/umvblowerdoor.de\/#website\",\"url\":\"http:\/\/umvblowerdoor.de\/\",\"name\":\"UMV BlowerDoor Messungen GmbH\",\"description\":\"Service mit Sicherheit \u00a9\",\"potentialAction\":[{\"@type\":\"SearchAction\",\"target\":{\"@type\":\"EntryPoint\",\"urlTemplate\":\"http:\/\/umvblowerdoor.de\/?s={search_term_string}\"},\"query-input\":\"required name=search_term_string\"}],\"inLanguage\":\"de\"}]}<\/script>\n<!-- \/ Yoast SEO plugin. -->","yoast_head_json":{"title":"Das Grundprinzip - UMV BlowerDoor Messungen GmbH","robots":{"index":"index","follow":"follow","max-snippet":"max-snippet:-1","max-image-preview":"max-image-preview:large","max-video-preview":"max-video-preview:-1"},"canonical":"http:\/\/umvblowerdoor.de\/?page_id=1673","og_locale":"de_DE","og_type":"article","og_title":"Das Grundprinzip - UMV BlowerDoor Messungen GmbH","og_description":"[vc_row padding_top=&#8220;10&#8243; padding_bottom=&#8220;10&#8243;][vc_column width=&#8220;1\/2&#8243;][vc_column_text]In unserem Introvideo haben wir den wesentlichen Grundablauf des Test visuell f\u00fcr Sie zusammengefasst. Neben dem Einsatz des ...","og_url":"http:\/\/umvblowerdoor.de\/?page_id=1673","og_site_name":"UMV BlowerDoor Messungen GmbH","article_modified_time":"2023-03-26T20:35:47+00:00","og_image":[{"url":"http:\/\/umvblowerdoor.de\/wp-content\/uploads\/2015\/02\/IMG_0186-600x300.jpg"}],"twitter_card":"summary_large_image","twitter_misc":{"Gesch\u00e4tzte Lesezeit":"6\u00a0Minuten"},"schema":{"@context":"https:\/\/schema.org","@graph":[{"@type":"WebPage","@id":"http:\/\/umvblowerdoor.de\/?page_id=1673","url":"http:\/\/umvblowerdoor.de\/?page_id=1673","name":"Das Grundprinzip - UMV BlowerDoor Messungen GmbH","isPartOf":{"@id":"http:\/\/umvblowerdoor.de\/#website"},"datePublished":"2015-02-05T10:21:41+00:00","dateModified":"2023-03-26T20:35:47+00:00","breadcrumb":{"@id":"http:\/\/umvblowerdoor.de\/?page_id=1673#breadcrumb"},"inLanguage":"de","potentialAction":[{"@type":"ReadAction","target":["http:\/\/umvblowerdoor.de\/?page_id=1673"]}]},{"@type":"BreadcrumbList","@id":"http:\/\/umvblowerdoor.de\/?page_id=1673#breadcrumb","itemListElement":[{"@type":"ListItem","position":1,"name":"Startseite","item":"http:\/\/umvblowerdoor.de\/"},{"@type":"ListItem","position":2,"name":"Das Grundprinzip"}]},{"@type":"WebSite","@id":"http:\/\/umvblowerdoor.de\/#website","url":"http:\/\/umvblowerdoor.de\/","name":"UMV BlowerDoor Messungen GmbH","description":"Service mit Sicherheit \u00a9","potentialAction":[{"@type":"SearchAction","target":{"@type":"EntryPoint","urlTemplate":"http:\/\/umvblowerdoor.de\/?s={search_term_string}"},"query-input":"required name=search_term_string"}],"inLanguage":"de"}]}},"_links":{"self":[{"href":"http:\/\/umvblowerdoor.de\/index.php?rest_route=\/wp\/v2\/pages\/1673"}],"collection":[{"href":"http:\/\/umvblowerdoor.de\/index.php?rest_route=\/wp\/v2\/pages"}],"about":[{"href":"http:\/\/umvblowerdoor.de\/index.php?rest_route=\/wp\/v2\/types\/page"}],"author":[{"embeddable":true,"href":"http:\/\/umvblowerdoor.de\/index.php?rest_route=\/wp\/v2\/users\/1"}],"replies":[{"embeddable":true,"href":"http:\/\/umvblowerdoor.de\/index.php?rest_route=%2Fwp%2Fv2%2Fcomments&post=1673"}],"version-history":[{"count":145,"href":"http:\/\/umvblowerdoor.de\/index.php?rest_route=\/wp\/v2\/pages\/1673\/revisions"}],"predecessor-version":[{"id":6223,"href":"http:\/\/umvblowerdoor.de\/index.php?rest_route=\/wp\/v2\/pages\/1673\/revisions\/6223"}],"wp:attachment":[{"href":"http:\/\/umvblowerdoor.de\/index.php?rest_route=%2Fwp%2Fv2%2Fmedia&parent=1673"}],"curies":[{"name":"wp","href":"https:\/\/api.w.org\/{rel}","templated":true}]}}